{"id":5256,"date":"2024-10-30T16:48:46","date_gmt":"2024-10-30T16:48:46","guid":{"rendered":"https:\/\/digitalmarketingfuerteventura.com\/?post_type=product&#038;p=5256"},"modified":"2024-10-30T16:58:21","modified_gmt":"2024-10-30T16:58:21","slug":"diagnostico-de-marketing-digital","status":"publish","type":"product","link":"https:\/\/digitalmarketingfuerteventura.com\/fr\/producto\/diagnostico-de-marketing-digital","title":{"rendered":"DIAGN\u00d3STICO DE MARKETING"},"content":{"rendered":"<p>\u00bfTe est\u00e1s preguntando si la estrategia de marketing digital de tu empresa es la adecuada?<br \/>\n\u00bfO est\u00e1s emprendiendo un nuevo proyecto y quieres saber qu\u00e9 estrategia de marketing digital deber\u00edas seguir para conectar con tus clientes?<\/p>\n<p>\u00a1Nuestro servicio de Diagn\u00f3stico de Marketing Digital est\u00e1 hecho para ti!<\/p>\n<p>\u00bfQu\u00e9 haremos?<\/p>\n<ul>\n<li>Te mandaremos un breve cuestionario para identificar tus objetivos empresariales<\/li>\n<li>Revisaremos todos los canales de comunicaci\u00f3n digitales que utilizas: p\u00e1gina web, redes sociales, ficha de Google Business<\/li>\n<li>Prepararemos un informe de diagn\u00f3stico con: nota global, nota de cada una de tus herramientas digitales, plan de acci\u00f3n con recomendaciones de actuaci\u00f3n para conectar con tu p\u00fablico objetivo<\/li>\n<\/ul>\n","protected":false},"excerpt":{"rendered":"<p>\u00bfTe est\u00e1s preguntando si la estrategia de marketing digital de tu empresa es la adecuada? \u00bfO est\u00e1s emprendiendo un nuevo proyecto y quieres saber qu\u00e9 estrategia de marketing digital deber\u00edas seguir para conectar con tus clientes? \u00a1Nuestro servicio de Diagn\u00f3stico de Marketing Digital est\u00e1 hecho para ti! \u00bfQu\u00e9 haremos? Te mandaremos un breve cuestionario para [&hellip;]<\/p>\n","protected":false},"featured_media":5253,"template":"","meta":{"_et_pb_use_builder":"","_et_pb_old_content":"","_et_gb_content_width":""},"product_brand":[],"product_cat":[53],"product_tag":[],"class_list":{"0":"post-5256","1":"product","2":"type-product","3":"status-publish","4":"has-post-thumbnail","6":"product_cat-asesoria-en-marketing","8":"first","9":"instock","10":"shipping-taxable","11":"purchasable","12":"product-type-simple"},"yoast_head":"<!-- This site is optimized with the Yoast SEO plugin v26.7 - https:\/\/yoast.com\/wordpress\/plugins\/seo\/ -->\n<title>DIAGN\u00d3STICO DE MARKETING - DIGITAL MARKETING FUERTEVENTURA<\/title>\n<meta name=\"robots\" content=\"index, follow, max-snippet:-1, max-image-preview:large, max-video-preview:-1\" \/>\n<link rel=\"canonical\" href=\"https:\/\/digitalmarketingfuerteventura.com\/fr\/producto\/diagnostico-de-marketing-digital\" \/>\n<meta property=\"og:locale\" content=\"fr_FR\" \/>\n<meta property=\"og:type\" content=\"article\" \/>\n<meta property=\"og:title\" content=\"DIAGN\u00d3STICO DE MARKETING - DIGITAL MARKETING FUERTEVENTURA\" \/>\n<meta property=\"og:description\" content=\"\u00bfTe est\u00e1s preguntando si la estrategia de marketing digital de tu empresa es la adecuada? \u00bfO est\u00e1s emprendiendo un nuevo proyecto y quieres saber qu\u00e9 estrategia de marketing digital deber\u00edas seguir para conectar con tus clientes? \u00a1Nuestro servicio de Diagn\u00f3stico de Marketing Digital est\u00e1 hecho para ti! \u00bfQu\u00e9 haremos? Te mandaremos un breve cuestionario para [&hellip;]\" \/>\n<meta property=\"og:url\" content=\"https:\/\/digitalmarketingfuerteventura.com\/fr\/producto\/diagnostico-de-marketing-digital\" \/>\n<meta property=\"og:site_name\" content=\"DIGITAL MARKETING FUERTEVENTURA\" \/>\n<meta property=\"article:modified_time\" content=\"2024-10-30T16:58:21+00:00\" \/>\n<meta property=\"og:image\" content=\"https:\/\/digitalmarketingfuerteventura.com\/wp-content\/uploads\/2024\/10\/plantilla-individual-Insta-DML-4-scaled.jpg\" \/>\n\t<meta property=\"og:image:width\" content=\"2560\" \/>\n\t<meta property=\"og:image:height\" content=\"2560\" \/>\n\t<meta property=\"og:image:type\" content=\"image\/jpeg\" \/>\n<meta name=\"twitter:card\" content=\"summary_large_image\" \/>\n<meta name=\"twitter:label1\" content=\"Dur\u00e9e de lecture estim\u00e9e\" \/>\n\t<meta name=\"twitter:data1\" content=\"1 minute\" \/>\n<script type=\"application\/ld+json\" class=\"yoast-schema-graph\">{\"@context\":\"https:\/\/schema.org\",\"@graph\":[{\"@type\":\"WebPage\",\"@id\":\"https:\/\/digitalmarketingfuerteventura.com\/fr\/producto\/diagnostico-de-marketing-digital\",\"url\":\"https:\/\/digitalmarketingfuerteventura.com\/fr\/producto\/diagnostico-de-marketing-digital\",\"name\":\"DIAGN\u00d3STICO DE MARKETING - DIGITAL MARKETING FUERTEVENTURA\",\"isPartOf\":{\"@id\":\"https:\/\/digitalmarketingfuerteventura.com\/fr#website\"},\"primaryImageOfPage\":{\"@id\":\"https:\/\/digitalmarketingfuerteventura.com\/fr\/producto\/diagnostico-de-marketing-digital#primaryimage\"},\"image\":{\"@id\":\"https:\/\/digitalmarketingfuerteventura.com\/fr\/producto\/diagnostico-de-marketing-digital#primaryimage\"},\"thumbnailUrl\":\"https:\/\/digitalmarketingfuerteventura.com\/wp-content\/uploads\/2024\/10\/plantilla-individual-Insta-DML-4-scaled.jpg\",\"datePublished\":\"2024-10-30T16:48:46+00:00\",\"dateModified\":\"2024-10-30T16:58:21+00:00\",\"breadcrumb\":{\"@id\":\"https:\/\/digitalmarketingfuerteventura.com\/fr\/producto\/diagnostico-de-marketing-digital#breadcrumb\"},\"inLanguage\":\"fr-FR\",\"potentialAction\":[{\"@type\":\"ReadAction\",\"target\":[\"https:\/\/digitalmarketingfuerteventura.com\/fr\/producto\/diagnostico-de-marketing-digital\"]}]},{\"@type\":\"ImageObject\",\"inLanguage\":\"fr-FR\",\"@id\":\"https:\/\/digitalmarketingfuerteventura.com\/fr\/producto\/diagnostico-de-marketing-digital#primaryimage\",\"url\":\"https:\/\/digitalmarketingfuerteventura.com\/wp-content\/uploads\/2024\/10\/plantilla-individual-Insta-DML-4-scaled.jpg\",\"contentUrl\":\"https:\/\/digitalmarketingfuerteventura.com\/wp-content\/uploads\/2024\/10\/plantilla-individual-Insta-DML-4-scaled.jpg\",\"width\":2560,\"height\":2560},{\"@type\":\"BreadcrumbList\",\"@id\":\"https:\/\/digitalmarketingfuerteventura.com\/fr\/producto\/diagnostico-de-marketing-digital#breadcrumb\",\"itemListElement\":[{\"@type\":\"ListItem\",\"position\":1,\"name\":\"Tienda\",\"item\":\"https:\/\/digitalmarketingfuerteventura.com\/tienda\"},{\"@type\":\"ListItem\",\"position\":2,\"name\":\"DIAGN\u00d3STICO DE MARKETING\"}]},{\"@type\":\"WebSite\",\"@id\":\"https:\/\/digitalmarketingfuerteventura.com\/fr#website\",\"url\":\"https:\/\/digitalmarketingfuerteventura.com\/fr\",\"name\":\"DIGITAL MARKETING FUERTEVENTURA\",\"description\":\"Agencia de marketing digital en Fuerteventura, Islas Canarias\",\"potentialAction\":[{\"@type\":\"SearchAction\",\"target\":{\"@type\":\"EntryPoint\",\"urlTemplate\":\"https:\/\/digitalmarketingfuerteventura.com\/fr?s={search_term_string}\"},\"query-input\":{\"@type\":\"PropertyValueSpecification\",\"valueRequired\":true,\"valueName\":\"search_term_string\"}}],\"inLanguage\":\"fr-FR\"}]}<\/script>\n<!-- \/ Yoast SEO plugin. -->","yoast_head_json":{"title":"DIAGN\u00d3STICO DE MARKETING - DIGITAL MARKETING FUERTEVENTURA","robots":{"index":"index","follow":"follow","max-snippet":"max-snippet:-1","max-image-preview":"max-image-preview:large","max-video-preview":"max-video-preview:-1"},"canonical":"https:\/\/digitalmarketingfuerteventura.com\/fr\/producto\/diagnostico-de-marketing-digital","og_locale":"fr_FR","og_type":"article","og_title":"DIAGN\u00d3STICO DE MARKETING - DIGITAL MARKETING FUERTEVENTURA","og_description":"\u00bfTe est\u00e1s preguntando si la estrategia de marketing digital de tu empresa es la adecuada? \u00bfO est\u00e1s emprendiendo un nuevo proyecto y quieres saber qu\u00e9 estrategia de marketing digital deber\u00edas seguir para conectar con tus clientes? \u00a1Nuestro servicio de Diagn\u00f3stico de Marketing Digital est\u00e1 hecho para ti! \u00bfQu\u00e9 haremos? Te mandaremos un breve cuestionario para [&hellip;]","og_url":"https:\/\/digitalmarketingfuerteventura.com\/fr\/producto\/diagnostico-de-marketing-digital","og_site_name":"DIGITAL MARKETING FUERTEVENTURA","article_modified_time":"2024-10-30T16:58:21+00:00","og_image":[{"width":2560,"height":2560,"url":"https:\/\/digitalmarketingfuerteventura.com\/wp-content\/uploads\/2024\/10\/plantilla-individual-Insta-DML-4-scaled.jpg","type":"image\/jpeg"}],"twitter_card":"summary_large_image","twitter_misc":{"Dur\u00e9e de lecture estim\u00e9e":"1 minute"},"schema":{"@context":"https:\/\/schema.org","@graph":[{"@type":"WebPage","@id":"https:\/\/digitalmarketingfuerteventura.com\/fr\/producto\/diagnostico-de-marketing-digital","url":"https:\/\/digitalmarketingfuerteventura.com\/fr\/producto\/diagnostico-de-marketing-digital","name":"DIAGN\u00d3STICO DE MARKETING - DIGITAL MARKETING FUERTEVENTURA","isPartOf":{"@id":"https:\/\/digitalmarketingfuerteventura.com\/fr#website"},"primaryImageOfPage":{"@id":"https:\/\/digitalmarketingfuerteventura.com\/fr\/producto\/diagnostico-de-marketing-digital#primaryimage"},"image":{"@id":"https:\/\/digitalmarketingfuerteventura.com\/fr\/producto\/diagnostico-de-marketing-digital#primaryimage"},"thumbnailUrl":"https:\/\/digitalmarketingfuerteventura.com\/wp-content\/uploads\/2024\/10\/plantilla-individual-Insta-DML-4-scaled.jpg","datePublished":"2024-10-30T16:48:46+00:00","dateModified":"2024-10-30T16:58:21+00:00","breadcrumb":{"@id":"https:\/\/digitalmarketingfuerteventura.com\/fr\/producto\/diagnostico-de-marketing-digital#breadcrumb"},"inLanguage":"fr-FR","potentialAction":[{"@type":"ReadAction","target":["https:\/\/digitalmarketingfuerteventura.com\/fr\/producto\/diagnostico-de-marketing-digital"]}]},{"@type":"ImageObject","inLanguage":"fr-FR","@id":"https:\/\/digitalmarketingfuerteventura.com\/fr\/producto\/diagnostico-de-marketing-digital#primaryimage","url":"https:\/\/digitalmarketingfuerteventura.com\/wp-content\/uploads\/2024\/10\/plantilla-individual-Insta-DML-4-scaled.jpg","contentUrl":"https:\/\/digitalmarketingfuerteventura.com\/wp-content\/uploads\/2024\/10\/plantilla-individual-Insta-DML-4-scaled.jpg","width":2560,"height":2560},{"@type":"BreadcrumbList","@id":"https:\/\/digitalmarketingfuerteventura.com\/fr\/producto\/diagnostico-de-marketing-digital#breadcrumb","itemListElement":[{"@type":"ListItem","position":1,"name":"Tienda","item":"https:\/\/digitalmarketingfuerteventura.com\/tienda"},{"@type":"ListItem","position":2,"name":"DIAGN\u00d3STICO DE MARKETING"}]},{"@type":"WebSite","@id":"https:\/\/digitalmarketingfuerteventura.com\/fr#website","url":"https:\/\/digitalmarketingfuerteventura.com\/fr","name":"DIGITAL MARKETING FUERTEVENTURA","description":"Agencia de marketing digital en Fuerteventura, Islas Canarias","potentialAction":[{"@type":"SearchAction","target":{"@type":"EntryPoint","urlTemplate":"https:\/\/digitalmarketingfuerteventura.com\/fr?s={search_term_string}"},"query-input":{"@type":"PropertyValueSpecification","valueRequired":true,"valueName":"search_term_string"}}],"inLanguage":"fr-FR"}]}},"_links":{"self":[{"href":"https:\/\/digitalmarketingfuerteventura.com\/fr\/wp-json\/wp\/v2\/product\/5256","targetHints":{"allow":["GET"]}}],"collection":[{"href":"https:\/\/digitalmarketingfuerteventura.com\/fr\/wp-json\/wp\/v2\/product"}],"about":[{"href":"https:\/\/digitalmarketingfuerteventura.com\/fr\/wp-json\/wp\/v2\/types\/product"}],"wp:featuredmedia":[{"embeddable":true,"href":"https:\/\/digitalmarketingfuerteventura.com\/fr\/wp-json\/wp\/v2\/media\/5253"}],"wp:attachment":[{"href":"https:\/\/digitalmarketingfuerteventura.com\/fr\/wp-json\/wp\/v2\/media?parent=5256"}],"wp:term":[{"taxonomy":"product_brand","embeddable":true,"href":"https:\/\/digitalmarketingfuerteventura.com\/fr\/wp-json\/wp\/v2\/product_brand?post=5256"},{"taxonomy":"product_cat","embeddable":true,"href":"https:\/\/digitalmarketingfuerteventura.com\/fr\/wp-json\/wp\/v2\/product_cat?post=5256"},{"taxonomy":"product_tag","embeddable":true,"href":"https:\/\/digitalmarketingfuerteventura.com\/fr\/wp-json\/wp\/v2\/product_tag?post=5256"}],"curies":[{"name":"wp","href":"https:\/\/api.w.org\/{rel}","templated":true}]}}