{"id":5213,"date":"2024-10-30T15:55:13","date_gmt":"2024-10-30T15:55:13","guid":{"rendered":"https:\/\/digitalmarketingfuerteventura.com\/?post_type=product&#038;p=5213"},"modified":"2024-10-30T16:37:35","modified_gmt":"2024-10-30T16:37:35","slug":"videobook-para-actores","status":"publish","type":"product","link":"https:\/\/digitalmarketingfuerteventura.com\/fr\/producto\/videobook-para-actores","title":{"rendered":"VIDEOBOOK PARA ACTORES"},"content":{"rendered":"<p>[et_pb_section fb_built=\u00a0\u00bb1&Prime; _builder_version=\u00a0\u00bb4.16&Prime; custom_padding=\u00a0\u00bb0px||||false|false\u00a0\u00bb global_colors_info=\u00a0\u00bb{}\u00a0\u00bb][et_pb_row _builder_version=\u00a0\u00bb4.16&Prime; background_size=\u00a0\u00bbinitial\u00a0\u00bb background_position=\u00a0\u00bbtop_left\u00a0\u00bb background_repeat=\u00a0\u00bbrepeat\u00a0\u00bb width=\u00a0\u00bb100%\u00a0\u00bb custom_padding=\u00a0\u00bb0px||0px||false|false\u00a0\u00bb global_colors_info=\u00a0\u00bb{}\u00a0\u00bb][et_pb_column type=\u00a0\u00bb4_4&Prime; _builder_version=\u00a0\u00bb4.16&Prime; custom_padding=\u00a0\u00bb|||\u00a0\u00bb global_colors_info=\u00a0\u00bb{}\u00a0\u00bb custom_padding__hover=\u00a0\u00bb|||\u00a0\u00bb][et_pb_wc_breadcrumb _builder_version=\u00a0\u00bb4.24.0&Prime; body_text_color=\u00a0\u00bb#258B97&Prime; global_colors_info=\u00a0\u00bb{}\u00a0\u00bb][\/et_pb_wc_breadcrumb][et_pb_wc_cart_notice _builder_version=\u00a0\u00bb4.24.0&Prime; background_color=\u00a0\u00bb#97D2D3&Prime; global_colors_info=\u00a0\u00bb{}\u00a0\u00bb][\/et_pb_wc_cart_notice][\/et_pb_column][\/et_pb_row][et_pb_row column_structure=\u00a0\u00bb1_2,1_2&Prime; _builder_version=\u00a0\u00bb4.16&Prime; background_size=\u00a0\u00bbinitial\u00a0\u00bb background_position=\u00a0\u00bbtop_left\u00a0\u00bb background_repeat=\u00a0\u00bbrepeat\u00a0\u00bb width=\u00a0\u00bb100%\u00a0\u00bb custom_padding=\u00a0\u00bb0px||||false|false\u00a0\u00bb global_colors_info=\u00a0\u00bb{}\u00a0\u00bb][et_pb_column type=\u00a0\u00bb1_2&Prime; _builder_version=\u00a0\u00bb4.16&Prime; custom_padding=\u00a0\u00bb|||\u00a0\u00bb global_colors_info=\u00a0\u00bb{}\u00a0\u00bb custom_padding__hover=\u00a0\u00bb|||\u00a0\u00bb][et_pb_wc_images _builder_version=\u00a0\u00bb4.16&Prime; global_colors_info=\u00a0\u00bb{}\u00a0\u00bb][\/et_pb_wc_images][\/et_pb_column][et_pb_column type=\u00a0\u00bb1_2&Prime; _builder_version=\u00a0\u00bb4.16&Prime; custom_padding=\u00a0\u00bb|||\u00a0\u00bb global_colors_info=\u00a0\u00bb{}\u00a0\u00bb custom_padding__hover=\u00a0\u00bb|||\u00a0\u00bb][et_pb_wc_title _builder_version=\u00a0\u00bb4.16&Prime; global_colors_info=\u00a0\u00bb{}\u00a0\u00bb][\/et_pb_wc_title][et_pb_wc_price _builder_version=\u00a0\u00bb4.24.0&Prime; body_text_color=\u00a0\u00bb#258B97&Prime; global_colors_info=\u00a0\u00bb{}\u00a0\u00bb][\/et_pb_wc_price][et_pb_wc_description _builder_version=\u00a0\u00bb4.16&Prime; global_colors_info=\u00a0\u00bb{}\u00a0\u00bb][\/et_pb_wc_description][et_pb_wc_add_to_cart _builder_version=\u00a0\u00bb4.16&Prime; global_colors_info=\u00a0\u00bb{}\u00a0\u00bb][\/et_pb_wc_add_to_cart][\/et_pb_column][\/et_pb_row][et_pb_row _builder_version=\u00a0\u00bb4.16&Prime; background_size=\u00a0\u00bbinitial\u00a0\u00bb background_position=\u00a0\u00bbtop_left\u00a0\u00bb background_repeat=\u00a0\u00bbrepeat\u00a0\u00bb width=\u00a0\u00bb100%\u00a0\u00bb global_colors_info=\u00a0\u00bb{}\u00a0\u00bb][et_pb_column type=\u00a0\u00bb4_4&Prime; _builder_version=\u00a0\u00bb4.16&Prime; custom_padding=\u00a0\u00bb|||\u00a0\u00bb global_colors_info=\u00a0\u00bb{}\u00a0\u00bb custom_padding__hover=\u00a0\u00bb|||\u00a0\u00bb][et_pb_wc_tabs _builder_version=\u00a0\u00bb4.16&Prime; global_colors_info=\u00a0\u00bb{}\u00a0\u00bb]\t\t\t\t\t[\/et_pb_wc_tabs][et_pb_wc_upsells _builder_version=\u00a0\u00bb4.16&Prime; global_colors_info=\u00a0\u00bb{}\u00a0\u00bb][\/et_pb_wc_upsells][et_pb_wc_related_products _builder_version=\u00a0\u00bb4.16&Prime; global_colors_info=\u00a0\u00bb{}\u00a0\u00bb][\/et_pb_wc_related_products][\/et_pb_column][\/et_pb_row][\/et_pb_section]<\/p>\n","protected":false},"excerpt":{"rendered":"<p>Un actor comunica con TODO: su voz, movimientos, posturas&#8230; Porque la comunicaci\u00f3n no verbal es igual de importante que la verbal en tu profesi\u00f3n, un book de fotos nunca podr\u00e1 mostrar todo tu talento para que te contraten.<\/p>\n","protected":false},"featured_media":5221,"template":"","meta":{"_et_pb_use_builder":"on","_et_pb_old_content":"Un actor comunica con TODO: su voz, movimientos, posturas... Porque la comunicaci\u00f3n no verbal es igual de importante que la verbal en tu profesi\u00f3n, <strong>un book de fotos nunca podr\u00e1 mostrar todo tu talento para que te contraten.<\/strong>\r\n\r\n<strong>Por eso necesitas un videobook:<\/strong> tras un primer servicio de asesoramiento, Helena Colom\u00e9, actriz y guionista, te dar\u00e1 las pautas a seguir para presentar los distintos registros que ofreces como actor. Y Josep Colom\u00e9 crear\u00e1 un v\u00eddeo din\u00e1mico y personalizado tan \u00fanico como tu talento. \u00bfF\u00e1cil, no?\r\n\r\n<strong>\u00bfC\u00f3mo funciona?<\/strong>\r\n<ul>\r\n \t<li>Compra tu sesi\u00f3n de videobook por nuestra tienda online<\/li>\r\n \t<li>Al recibir tu confirmaci\u00f3n de pedido, te contactaremos para agendar una cita contigo para grabar tu videobook<\/li>\r\n \t<li>Te entregaremos tu videobook en mp4 para que puedas compartirlo con las agencias con las que desees trabajar<\/li>\r\n<\/ul>\r\n<strong>Duraci\u00f3n de la sesi\u00f3n:\u00a0<\/strong>\r\n<ul>\r\n \t<li>15min de asesoramiento previo antes de la cita<\/li>\r\n \t<li>1h de ensayo y asesoramiento presencial<\/li>\r\n \t<li>1h30 de grabaci\u00f3n<\/li>\r\n \t<li>Total: 2h45<\/li>\r\n<\/ul>\r\n<em>Servicio disponible \u00fanicamente para las islas de Fuerteventura y Lanzarote.<\/em>","_et_gb_content_width":""},"product_brand":[],"product_cat":[52],"product_tag":[],"class_list":{"0":"post-5213","1":"product","2":"type-product","3":"status-publish","4":"has-post-thumbnail","6":"product_cat-videobooks","8":"first","9":"instock","10":"shipping-taxable","11":"purchasable","12":"product-type-simple"},"yoast_head":"<!-- This site is optimized with the Yoast SEO plugin v26.7 - https:\/\/yoast.com\/wordpress\/plugins\/seo\/ -->\n<title>VIDEOBOOK PARA ACTORES - DIGITAL MARKETING FUERTEVENTURA<\/title>\n<meta name=\"robots\" content=\"index, follow, max-snippet:-1, max-image-preview:large, max-video-preview:-1\" \/>\n<link rel=\"canonical\" href=\"https:\/\/digitalmarketingfuerteventura.com\/fr\/producto\/videobook-para-actores\" \/>\n<meta property=\"og:locale\" content=\"fr_FR\" \/>\n<meta property=\"og:type\" content=\"article\" \/>\n<meta property=\"og:title\" content=\"VIDEOBOOK PARA ACTORES - DIGITAL MARKETING FUERTEVENTURA\" \/>\n<meta property=\"og:description\" content=\"Un actor comunica con TODO: su voz, movimientos, posturas... Porque la comunicaci\u00f3n no verbal es igual de importante que la verbal en tu profesi\u00f3n, un book de fotos nunca podr\u00e1 mostrar todo tu talento para que te contraten.\" \/>\n<meta property=\"og:url\" content=\"https:\/\/digitalmarketingfuerteventura.com\/fr\/producto\/videobook-para-actores\" \/>\n<meta property=\"og:site_name\" content=\"DIGITAL MARKETING FUERTEVENTURA\" \/>\n<meta property=\"article:modified_time\" content=\"2024-10-30T16:37:35+00:00\" \/>\n<meta property=\"og:image\" content=\"https:\/\/digitalmarketingfuerteventura.com\/wp-content\/uploads\/2024\/10\/plantilla-individual-Insta-DML-3-1-scaled.jpg\" \/>\n\t<meta property=\"og:image:width\" content=\"2560\" \/>\n\t<meta property=\"og:image:height\" content=\"2560\" \/>\n\t<meta property=\"og:image:type\" content=\"image\/jpeg\" \/>\n<meta name=\"twitter:card\" content=\"summary_large_image\" \/>\n<meta name=\"twitter:label1\" content=\"Dur\u00e9e de lecture estim\u00e9e\" \/>\n\t<meta name=\"twitter:data1\" content=\"1 minute\" \/>\n<script type=\"application\/ld+json\" class=\"yoast-schema-graph\">{\"@context\":\"https:\/\/schema.org\",\"@graph\":[{\"@type\":\"WebPage\",\"@id\":\"https:\/\/digitalmarketingfuerteventura.com\/fr\/producto\/videobook-para-actores\",\"url\":\"https:\/\/digitalmarketingfuerteventura.com\/fr\/producto\/videobook-para-actores\",\"name\":\"VIDEOBOOK PARA ACTORES - DIGITAL MARKETING FUERTEVENTURA\",\"isPartOf\":{\"@id\":\"https:\/\/digitalmarketingfuerteventura.com\/fr#website\"},\"primaryImageOfPage\":{\"@id\":\"https:\/\/digitalmarketingfuerteventura.com\/fr\/producto\/videobook-para-actores#primaryimage\"},\"image\":{\"@id\":\"https:\/\/digitalmarketingfuerteventura.com\/fr\/producto\/videobook-para-actores#primaryimage\"},\"thumbnailUrl\":\"https:\/\/digitalmarketingfuerteventura.com\/wp-content\/uploads\/2024\/10\/plantilla-individual-Insta-DML-3-1-scaled.jpg\",\"datePublished\":\"2024-10-30T15:55:13+00:00\",\"dateModified\":\"2024-10-30T16:37:35+00:00\",\"breadcrumb\":{\"@id\":\"https:\/\/digitalmarketingfuerteventura.com\/fr\/producto\/videobook-para-actores#breadcrumb\"},\"inLanguage\":\"fr-FR\",\"potentialAction\":[{\"@type\":\"ReadAction\",\"target\":[\"https:\/\/digitalmarketingfuerteventura.com\/fr\/producto\/videobook-para-actores\"]}]},{\"@type\":\"ImageObject\",\"inLanguage\":\"fr-FR\",\"@id\":\"https:\/\/digitalmarketingfuerteventura.com\/fr\/producto\/videobook-para-actores#primaryimage\",\"url\":\"https:\/\/digitalmarketingfuerteventura.com\/wp-content\/uploads\/2024\/10\/plantilla-individual-Insta-DML-3-1-scaled.jpg\",\"contentUrl\":\"https:\/\/digitalmarketingfuerteventura.com\/wp-content\/uploads\/2024\/10\/plantilla-individual-Insta-DML-3-1-scaled.jpg\",\"width\":2560,\"height\":2560},{\"@type\":\"BreadcrumbList\",\"@id\":\"https:\/\/digitalmarketingfuerteventura.com\/fr\/producto\/videobook-para-actores#breadcrumb\",\"itemListElement\":[{\"@type\":\"ListItem\",\"position\":1,\"name\":\"Tienda\",\"item\":\"https:\/\/digitalmarketingfuerteventura.com\/tienda\"},{\"@type\":\"ListItem\",\"position\":2,\"name\":\"VIDEOBOOK PARA ACTORES\"}]},{\"@type\":\"WebSite\",\"@id\":\"https:\/\/digitalmarketingfuerteventura.com\/fr#website\",\"url\":\"https:\/\/digitalmarketingfuerteventura.com\/fr\",\"name\":\"DIGITAL MARKETING FUERTEVENTURA\",\"description\":\"Agencia de marketing digital en Fuerteventura, Islas Canarias\",\"potentialAction\":[{\"@type\":\"SearchAction\",\"target\":{\"@type\":\"EntryPoint\",\"urlTemplate\":\"https:\/\/digitalmarketingfuerteventura.com\/fr?s={search_term_string}\"},\"query-input\":{\"@type\":\"PropertyValueSpecification\",\"valueRequired\":true,\"valueName\":\"search_term_string\"}}],\"inLanguage\":\"fr-FR\"}]}<\/script>\n<!-- \/ Yoast SEO plugin. -->","yoast_head_json":{"title":"VIDEOBOOK PARA ACTORES - DIGITAL MARKETING FUERTEVENTURA","robots":{"index":"index","follow":"follow","max-snippet":"max-snippet:-1","max-image-preview":"max-image-preview:large","max-video-preview":"max-video-preview:-1"},"canonical":"https:\/\/digitalmarketingfuerteventura.com\/fr\/producto\/videobook-para-actores","og_locale":"fr_FR","og_type":"article","og_title":"VIDEOBOOK PARA ACTORES - DIGITAL MARKETING FUERTEVENTURA","og_description":"Un actor comunica con TODO: su voz, movimientos, posturas... Porque la comunicaci\u00f3n no verbal es igual de importante que la verbal en tu profesi\u00f3n, un book de fotos nunca podr\u00e1 mostrar todo tu talento para que te contraten.","og_url":"https:\/\/digitalmarketingfuerteventura.com\/fr\/producto\/videobook-para-actores","og_site_name":"DIGITAL MARKETING FUERTEVENTURA","article_modified_time":"2024-10-30T16:37:35+00:00","og_image":[{"width":2560,"height":2560,"url":"https:\/\/digitalmarketingfuerteventura.com\/wp-content\/uploads\/2024\/10\/plantilla-individual-Insta-DML-3-1-scaled.jpg","type":"image\/jpeg"}],"twitter_card":"summary_large_image","twitter_misc":{"Dur\u00e9e de lecture estim\u00e9e":"1 minute"},"schema":{"@context":"https:\/\/schema.org","@graph":[{"@type":"WebPage","@id":"https:\/\/digitalmarketingfuerteventura.com\/fr\/producto\/videobook-para-actores","url":"https:\/\/digitalmarketingfuerteventura.com\/fr\/producto\/videobook-para-actores","name":"VIDEOBOOK PARA ACTORES - DIGITAL MARKETING FUERTEVENTURA","isPartOf":{"@id":"https:\/\/digitalmarketingfuerteventura.com\/fr#website"},"primaryImageOfPage":{"@id":"https:\/\/digitalmarketingfuerteventura.com\/fr\/producto\/videobook-para-actores#primaryimage"},"image":{"@id":"https:\/\/digitalmarketingfuerteventura.com\/fr\/producto\/videobook-para-actores#primaryimage"},"thumbnailUrl":"https:\/\/digitalmarketingfuerteventura.com\/wp-content\/uploads\/2024\/10\/plantilla-individual-Insta-DML-3-1-scaled.jpg","datePublished":"2024-10-30T15:55:13+00:00","dateModified":"2024-10-30T16:37:35+00:00","breadcrumb":{"@id":"https:\/\/digitalmarketingfuerteventura.com\/fr\/producto\/videobook-para-actores#breadcrumb"},"inLanguage":"fr-FR","potentialAction":[{"@type":"ReadAction","target":["https:\/\/digitalmarketingfuerteventura.com\/fr\/producto\/videobook-para-actores"]}]},{"@type":"ImageObject","inLanguage":"fr-FR","@id":"https:\/\/digitalmarketingfuerteventura.com\/fr\/producto\/videobook-para-actores#primaryimage","url":"https:\/\/digitalmarketingfuerteventura.com\/wp-content\/uploads\/2024\/10\/plantilla-individual-Insta-DML-3-1-scaled.jpg","contentUrl":"https:\/\/digitalmarketingfuerteventura.com\/wp-content\/uploads\/2024\/10\/plantilla-individual-Insta-DML-3-1-scaled.jpg","width":2560,"height":2560},{"@type":"BreadcrumbList","@id":"https:\/\/digitalmarketingfuerteventura.com\/fr\/producto\/videobook-para-actores#breadcrumb","itemListElement":[{"@type":"ListItem","position":1,"name":"Tienda","item":"https:\/\/digitalmarketingfuerteventura.com\/tienda"},{"@type":"ListItem","position":2,"name":"VIDEOBOOK PARA ACTORES"}]},{"@type":"WebSite","@id":"https:\/\/digitalmarketingfuerteventura.com\/fr#website","url":"https:\/\/digitalmarketingfuerteventura.com\/fr","name":"DIGITAL MARKETING FUERTEVENTURA","description":"Agencia de marketing digital en Fuerteventura, Islas Canarias","potentialAction":[{"@type":"SearchAction","target":{"@type":"EntryPoint","urlTemplate":"https:\/\/digitalmarketingfuerteventura.com\/fr?s={search_term_string}"},"query-input":{"@type":"PropertyValueSpecification","valueRequired":true,"valueName":"search_term_string"}}],"inLanguage":"fr-FR"}]}},"_links":{"self":[{"href":"https:\/\/digitalmarketingfuerteventura.com\/fr\/wp-json\/wp\/v2\/product\/5213","targetHints":{"allow":["GET"]}}],"collection":[{"href":"https:\/\/digitalmarketingfuerteventura.com\/fr\/wp-json\/wp\/v2\/product"}],"about":[{"href":"https:\/\/digitalmarketingfuerteventura.com\/fr\/wp-json\/wp\/v2\/types\/product"}],"wp:featuredmedia":[{"embeddable":true,"href":"https:\/\/digitalmarketingfuerteventura.com\/fr\/wp-json\/wp\/v2\/media\/5221"}],"wp:attachment":[{"href":"https:\/\/digitalmarketingfuerteventura.com\/fr\/wp-json\/wp\/v2\/media?parent=5213"}],"wp:term":[{"taxonomy":"product_brand","embeddable":true,"href":"https:\/\/digitalmarketingfuerteventura.com\/fr\/wp-json\/wp\/v2\/product_brand?post=5213"},{"taxonomy":"product_cat","embeddable":true,"href":"https:\/\/digitalmarketingfuerteventura.com\/fr\/wp-json\/wp\/v2\/product_cat?post=5213"},{"taxonomy":"product_tag","embeddable":true,"href":"https:\/\/digitalmarketingfuerteventura.com\/fr\/wp-json\/wp\/v2\/product_tag?post=5213"}],"curies":[{"name":"wp","href":"https:\/\/api.w.org\/{rel}","templated":true}]}}