{"id":5028,"date":"2024-07-25T22:07:40","date_gmt":"2024-07-25T22:07:40","guid":{"rendered":"https:\/\/digitalmarketingfuerteventura.com\/a-propos-de-josep"},"modified":"2024-07-28T23:04:54","modified_gmt":"2024-07-28T23:04:54","slug":"a-propos-de-josep","status":"publish","type":"page","link":"https:\/\/digitalmarketingfuerteventura.com\/fr\/a-propos-de-josep","title":{"rendered":"A PROPOS DE JOSEP"},"content":{"rendered":"<p>[et_pb_section fb_built=\u00a0\u00bb1&Prime; custom_padding_last_edited=\u00a0\u00bbon|phone\u00a0\u00bb _builder_version=\u00a0\u00bb4.24.0&Prime; _module_preset=\u00a0\u00bbdefault\u00a0\u00bb background_color=\u00a0\u00bb#258B97&Prime; background_image=\u00a0\u00bbhttps:\/\/digitalmarketingfuerteventura.com\/wp-content\/uploads\/2024\/07\/Portadas-nueva-web-DML.jpg\u00a0\u00bb custom_padding=\u00a0\u00bb200px||248px||false|false\u00a0\u00bb custom_padding_tablet=\u00a0\u00bb200px||97px||false|false\u00a0\u00bb custom_padding_phone=\u00a0\u00bb92px||10px||false|false\u00a0\u00bb locked=\u00a0\u00bboff\u00a0\u00bb global_colors_info=\u00a0\u00bb{}\u00a0\u00bb][et_pb_row column_structure=\u00a0\u00bb2_3,1_3&Prime; _builder_version=\u00a0\u00bb4.21.0&Prime; _module_preset=\u00a0\u00bbdefault\u00a0\u00bb custom_padding=\u00a0\u00bb161px|||||\u00a0\u00bb global_colors_info=\u00a0\u00bb{}\u00a0\u00bb][et_pb_column type=\u00a0\u00bb2_3&Prime; _builder_version=\u00a0\u00bb4.21.0&Prime; _module_preset=\u00a0\u00bbdefault\u00a0\u00bb global_colors_info=\u00a0\u00bb{}\u00a0\u00bb][et_pb_text _builder_version=\u00a0\u00bb4.24.0&Prime; _module_preset=\u00a0\u00bbdefault\u00a0\u00bb header_font=\u00a0\u00bb|300|||||||\u00a0\u00bb header_text_align=\u00a0\u00bbleft\u00a0\u00bb header_text_color=\u00a0\u00bb#FFFFFF\u00a0\u00bb header_font_size=\u00a0\u00bb60px\u00a0\u00bb custom_margin=\u00a0\u00bb||-1px|||\u00a0\u00bb header_font_size_tablet=\u00a0\u00bb40px\u00a0\u00bb header_font_size_phone=\u00a0\u00bb30px\u00a0\u00bb header_font_size_last_edited=\u00a0\u00bbon|phone\u00a0\u00bb global_colors_info=\u00a0\u00bb{}\u00a0\u00bb]<\/p>\n<h1 class=\"vc_custom_heading\"><span><strong>JOSEP  <\/strong><\/span><\/h1>\n<h1 class=\"vc_custom_heading\"><span><strong>COLOM\u00c9 REPRESA<\/strong><\/span><\/h1>\n<p>[\/et_pb_text][\/et_pb_column][et_pb_column type=\u00a0\u00bb1_3&Prime; _builder_version=\u00a0\u00bb4.21.0&Prime; _module_preset=\u00a0\u00bbdefault\u00a0\u00bb global_colors_info=\u00a0\u00bb{}\u00a0\u00bb][\/et_pb_column][\/et_pb_row][et_pb_row admin_label=\u00a0\u00bbic\u00f4ne whatsapp\u00a0\u00bb _builder_version=\u00a0\u00bb4.21.0&Prime; _module_preset=\u00a0\u00bbdefault\u00a0\u00bb background_enable_color=\u00a0\u00bboff\u00a0\u00bb positioning=\u00a0\u00bbfixed\u00a0\u00bb position_origin_f=\u00a0\u00bbcenter_right\u00a0\u00bb horizontal_offset=\u00a0\u00bb3px\u00a0\u00bb z_index=\u00a0\u00bb64&Prime; width=\u00a0\u00bb80px\u00a0\u00bb global_colors_info=\u00a0\u00bb{}\u00a0\u00bb][et_pb_column type=\u00a0\u00bb4_4&Prime; _builder_version=\u00a0\u00bb4.21.0&Prime; _module_preset=\u00a0\u00bbdefault\u00a0\u00bb global_colors_info=\u00a0\u00bb{}\u00a0\u00bb][et_pb_code _builder_version=\u00a0\u00bb4.21.0&Prime; _module_preset=\u00a0\u00bbdefault\u00a0\u00bb link_option_url=\u00a0\u00bbhttps:\/\/wa.link\/spiimm\u00a0\u00bb global_colors_info=\u00a0\u00bb{}\u00a0\u00bb]<script src=\"https:\/\/unpkg.com\/@lottiefiles\/lottie-player@latest\/dist\/lottie-player.js\"><\/script><!-- [et_pb_line_break_holder] --><lottie-player src=\"https:\/\/assets9.lottiefiles.com\/private_files\/lf30_jtcwd1c6.json\" background=\"transparent\" speed=\"0.3\" style=\"width: 80px; height: 80px;\" loop=\"\" autoplay=\"\"><\/lottie-player>[\/et_pb_code][\/et_pb_column][\/et_pb_row][\/et_pb_section][et_pb_section fb_built=\u00a0\u00bb1&Prime; _builder_version=\u00a0\u00bb4.21.0&Prime; _module_preset=\u00a0\u00bbdefault\u00a0\u00bb background_enable_color=\u00a0\u00bboff\u00a0\u00bb background_image=\u00a0\u00bbhttps:\/\/digitalmarketingfuerteventura.com\/wp-content\/uploads\/2023\/05\/ELEMENTOS-DML-28.png\u00a0\u00bb locked=\u00a0\u00bboff\u00a0\u00bb global_colors_info=\u00a0\u00bb{}\u00a0\u00bb][et_pb_row _builder_version=\u00a0\u00bb4.21.0&Prime; _module_preset=\u00a0\u00bbdefault\u00a0\u00bb max_width=\u00a0\u00bb100%\u00a0\u00bb global_colors_info=\u00a0\u00bb{}\u00a0\u00bb][et_pb_column type=\u00a0\u00bb4_4&Prime; _builder_version=\u00a0\u00bb4.21.0&Prime; _module_preset=\u00a0\u00bbdefault\u00a0\u00bb global_colors_info=\u00a0\u00bb{}\u00a0\u00bb][et_pb_text _builder_version=\u00a0\u00bb4.24.0&Prime; _module_preset=\u00a0\u00bbdefault\u00a0\u00bb header_font=\u00a0\u00bb|800|||||||\u00a0\u00bb header_text_align=\u00a0\u00bbcenter\u00a0\u00bb header_text_color=\u00a0\u00bb#1DB5B5&Prime; header_font_size=\u00a0\u00bb50px\u00a0\u00bb header_font_size_tablet=\u00a0\u00bb40px\u00a0\u00bb header_font_size_phone=\u00a0\u00bb25px\u00a0\u00bb header_font_size_last_edited=\u00a0\u00bbon|phone\u00a0\u00bb global_colors_info=\u00a0\u00bb{}\u00a0\u00bb]<\/p>\n<h1 class=\"vc_custom_heading\"><span>LA PRODUCTION DE VID\u00c9OS PROMOTIONNELLES, DE DOCUMENTAIRES ET DE VID\u00c9OS POUR LES M\u00c9DIAS SOCIAUX<\/span><\/h1>\n<p>[\/et_pb_text][et_pb_image src=\u00a0\u00bbhttps:\/\/digitalmarketingfuerteventura.com\/wp-content\/uploads\/2024\/07\/foto-JOSEP-web.png\u00a0\u00bb alt=\u00a0\u00bbgladys becerra torlay digital marketing lanzarote\u00a0\u00bb align=\u00a0\u00bbcenter\u00a0\u00bb disabled_on=\u00a0\u00bboff|off|on\u00a0\u00bb _builder_version=\u00a0\u00bb4.24.0&Prime; _module_preset=\u00a0\u00bbdefault\u00a0\u00bb global_colors_info=\u00a0\u00bb{}\u00a0\u00bb][\/et_pb_image][\/et_pb_column][\/et_pb_row][et_pb_row column_structure=\u00a0\u00bb2_5,3_5&Prime; make_equal=\u00a0\u00bbon\u00a0\u00bb _builder_version=\u00a0\u00bb4.24.0&Prime; _module_preset=\u00a0\u00bbdefault\u00a0\u00bb global_colors_info=\u00a0\u00bb{}\u00a0\u00bb][et_pb_column type=\u00a0\u00bb2_5&Prime; module_class=\u00a0\u00bbds-vertical-align\u00a0\u00bb _builder_version=\u00a0\u00bb4.24.0&Prime; _module_preset=\u00a0\u00bbdefault\u00a0\u00bb background_image=\u00a0\u00bbhttps:\/\/digitalmarketingfuerteventura.com\/wp-content\/uploads\/2024\/07\/1.jpg\u00a0\u00bb background_last_edited=\u00a0\u00bbon|phone\u00a0\u00bb background_enable_image_tablet=\u00a0\u00bboff\u00a0\u00bb global_colors_info=\u00a0\u00bb{}\u00a0\u00bb][\/et_pb_column][et_pb_column type=\u00a0\u00bb3_5&Prime; module_class=\u00a0\u00bbds-vertical-align\u00a0\u00bb _builder_version=\u00a0\u00bb4.21.0&Prime; _module_preset=\u00a0\u00bbdefault\u00a0\u00bb global_colors_info=\u00a0\u00bb{}\u00a0\u00bb][et_pb_blurb title=\u00a0\u00bbET SI&#8230;\u00a0\u00bb content_max_width=\u00a0\u00bb100%\u00a0\u00bb _builder_version=\u00a0\u00bb4.24.0&Prime; _module_preset=\u00a0\u00bbdefault\u00a0\u00bb header_font=\u00a0\u00bb|800|||||||\u00a0\u00bb header_text_color=\u00a0\u00bb#1DB5B5&Prime; header_font_size=\u00a0\u00bb22px\u00a0\u00bb body_text_color=\u00a0\u00bb#454445&Prime; body_font_size=\u00a0\u00bb20px\u00a0\u00bb body_line_height=\u00a0\u00bb2em\u00a0\u00bb animation_style=\u00a0\u00bbbounce\u00a0\u00bb header_font_size_tablet=\u00a0\u00bb22px\u00a0\u00bb header_font_size_phone=\u00a0\u00bb20px\u00a0\u00bb header_font_size_last_edited=\u00a0\u00bbon|phone\u00a0\u00bb body_font_size_tablet=\u00a0\u00bb20px\u00a0\u00bb body_font_size_phone=\u00a0\u00bb16px\u00a0\u00bb body_font_size_last_edited=\u00a0\u00bbon|phone\u00a0\u00bb global_colors_info=\u00a0\u00bb{}\u00a0\u00bb][\/et_pb_blurb][et_pb_divider color=\u00a0\u00bb#1DB5B5&Prime; divider_weight=\u00a0\u00bb3px\u00a0\u00bb _builder_version=\u00a0\u00bb4.21.0&Prime; _module_preset=\u00a0\u00bbdefault\u00a0\u00bb width=\u00a0\u00bb15%\u00a0\u00bb custom_margin=\u00a0\u00bb||3px||false|false\u00a0\u00bb custom_padding=\u00a0\u00bb||0px||false|false\u00a0\u00bb global_colors_info=\u00a0\u00bb{}\u00a0\u00bb][\/et_pb_divider][et_pb_text _builder_version=\u00a0\u00bb4.24.0&Prime; _module_preset=\u00a0\u00bbdefault\u00a0\u00bb text_font=\u00a0\u00bbgotham light||||||||\u00a0\u00bb text_text_color=\u00a0\u00bb#454445&Prime; text_font_size=\u00a0\u00bb16px\u00a0\u00bb link_text_color=\u00a0\u00bb#454445&Prime; text_font_size_tablet=\u00a0\u00bb16px\u00a0\u00bb text_font_size_phone=\u00a0\u00bb14px\u00a0\u00bb text_font_size_last_edited=\u00a0\u00bbon|phone\u00a0\u00bb global_colors_info=\u00a0\u00bb{}\u00a0\u00bb]<\/p>\n<p><span>vous donnez un appareil photo \u00e0 un esprit hyper-cr\u00e9atif ? Qui cr\u00e9e des vid\u00e9os super originales, fra\u00eeches, diff\u00e9rentes et passionnantes pour raconter l&rsquo;histoire de votre marque !<\/span><\/p>\n<p>[\/et_pb_text][et_pb_blurb title=\u00a0\u00bbUN PASSIONN\u00c9 DE VID\u00c9O GLOBE-TROTTER\u00a0\u00bb content_max_width=\u00a0\u00bb100%\u00a0\u00bb _builder_version=\u00a0\u00bb4.24.0&Prime; _module_preset=\u00a0\u00bbdefault\u00a0\u00bb header_font=\u00a0\u00bb|800|||||||\u00a0\u00bb header_text_color=\u00a0\u00bb#1DB5B5&Prime; header_font_size=\u00a0\u00bb22px\u00a0\u00bb body_text_color=\u00a0\u00bb#454445&Prime; body_font_size=\u00a0\u00bb20px\u00a0\u00bb body_line_height=\u00a0\u00bb2em\u00a0\u00bb animation_style=\u00a0\u00bbbounce\u00a0\u00bb header_font_size_tablet=\u00a0\u00bb22px\u00a0\u00bb header_font_size_phone=\u00a0\u00bb20px\u00a0\u00bb header_font_size_last_edited=\u00a0\u00bbon|phone\u00a0\u00bb body_font_size_tablet=\u00a0\u00bb20px\u00a0\u00bb body_font_size_phone=\u00a0\u00bb16px\u00a0\u00bb body_font_size_last_edited=\u00a0\u00bbon|phone\u00a0\u00bb global_colors_info=\u00a0\u00bb{}\u00a0\u00bb][\/et_pb_blurb][et_pb_divider color=\u00a0\u00bb#1DB5B5&Prime; divider_weight=\u00a0\u00bb3px\u00a0\u00bb _builder_version=\u00a0\u00bb4.21.0&Prime; _module_preset=\u00a0\u00bbdefault\u00a0\u00bb width=\u00a0\u00bb15%\u00a0\u00bb custom_margin=\u00a0\u00bb||3px||false|false\u00a0\u00bb custom_padding=\u00a0\u00bb||0px||false|false\u00a0\u00bb locked=\u00a0\u00bboff\u00a0\u00bb global_colors_info=\u00a0\u00bb{}\u00a0\u00bb][\/et_pb_divider][et_pb_text _builder_version=\u00a0\u00bb4.24.0&Prime; _module_preset=\u00a0\u00bbdefault\u00a0\u00bb text_font=\u00a0\u00bbgotham light||||||||\u00a0\u00bb text_text_color=\u00a0\u00bb#454445&Prime; text_font_size=\u00a0\u00bb16px\u00a0\u00bb link_text_color=\u00a0\u00bb#454445&Prime; text_font_size_tablet=\u00a0\u00bb16px\u00a0\u00bb text_font_size_phone=\u00a0\u00bb14px\u00a0\u00bb text_font_size_last_edited=\u00a0\u00bbon|phone\u00a0\u00bb locked=\u00a0\u00bboff\u00a0\u00bb global_colors_info=\u00a0\u00bb{}\u00a0\u00bb]<\/p>\n<p>Ma curiosit\u00e9 et mon d\u00e9sir de conna\u00eetre et d&rsquo;apprendre toujours plus m&rsquo;ont amen\u00e9e \u00e0 vivre dans de nombreux endroits : de ma terre natale, la Catalogne, mes pas m&rsquo;ont conduite \u00e0 Majorque, \u00e0 Porto Rico et \u00e0 Fuerteventura. Le point commun de toutes ces destinations ? Ce sont des \u00eeles magnifiques, avec une culture unique, et tr\u00e8s diff\u00e9rentes, j&rsquo;ai beaucoup appris de ces \u00e9tapes. Je pense que c&rsquo;est l&rsquo;une des raisons pour lesquelles je m&rsquo;adapte si rapidement aux projets de mes clients. \ud83d\ude09<\/p>\n<p>[\/et_pb_text][et_pb_blurb title=\u00a0\u00bbL&#039;ENTREPRENEUR AU C\u0152UR DE L&#039;ACTION\u00a0\u00bb content_max_width=\u00a0\u00bb100%\u00a0\u00bb _builder_version=\u00a0\u00bb4.24.0&Prime; _module_preset=\u00a0\u00bbdefault\u00a0\u00bb header_font=\u00a0\u00bb|800|||||||\u00a0\u00bb header_text_color=\u00a0\u00bb#1DB5B5&Prime; header_font_size=\u00a0\u00bb22px\u00a0\u00bb body_text_color=\u00a0\u00bb#454445&Prime; body_font_size=\u00a0\u00bb20px\u00a0\u00bb body_line_height=\u00a0\u00bb2em\u00a0\u00bb animation_style=\u00a0\u00bbbounce\u00a0\u00bb header_font_size_tablet=\u00a0\u00bb22px\u00a0\u00bb header_font_size_phone=\u00a0\u00bb20px\u00a0\u00bb header_font_size_last_edited=\u00a0\u00bbon|phone\u00a0\u00bb body_font_size_tablet=\u00a0\u00bb20px\u00a0\u00bb body_font_size_phone=\u00a0\u00bb16px\u00a0\u00bb body_font_size_last_edited=\u00a0\u00bbon|phone\u00a0\u00bb locked=\u00a0\u00bboff\u00a0\u00bb global_colors_info=\u00a0\u00bb{}\u00a0\u00bb][\/et_pb_blurb][et_pb_divider color=\u00a0\u00bb#1DB5B5&Prime; divider_weight=\u00a0\u00bb3px\u00a0\u00bb _builder_version=\u00a0\u00bb4.21.0&Prime; _module_preset=\u00a0\u00bbdefault\u00a0\u00bb width=\u00a0\u00bb15%\u00a0\u00bb custom_margin=\u00a0\u00bb||3px||false|false\u00a0\u00bb custom_padding=\u00a0\u00bb||0px||false|false\u00a0\u00bb locked=\u00a0\u00bboff\u00a0\u00bb global_colors_info=\u00a0\u00bb{}\u00a0\u00bb][\/et_pb_divider][et_pb_text _builder_version=\u00a0\u00bb4.24.0&Prime; _module_preset=\u00a0\u00bbdefault\u00a0\u00bb text_font=\u00a0\u00bbgotham light||||||||\u00a0\u00bb text_text_color=\u00a0\u00bb#454445&Prime; text_font_size=\u00a0\u00bb16px\u00a0\u00bb link_text_color=\u00a0\u00bb#454445&Prime; text_font_size_tablet=\u00a0\u00bb16px\u00a0\u00bb text_font_size_phone=\u00a0\u00bb14px\u00a0\u00bb text_font_size_last_edited=\u00a0\u00bbon|phone\u00a0\u00bb locked=\u00a0\u00bboff\u00a0\u00bb global_colors_info=\u00a0\u00bb{}\u00a0\u00bb]<\/p>\n<p><span>La vid\u00e9ographie a toujours \u00e9t\u00e9 une de mes passions. L&rsquo;id\u00e9e de pouvoir raconter des histoires, des exp\u00e9riences et des \u00e9motions avec un contenu dynamique m&rsquo;a toujours fascin\u00e9. Mais ce n&rsquo;\u00e9tait pas mon premier projet : j&rsquo;ai travaill\u00e9 pendant des ann\u00e9es dans le secteur de l&rsquo;\u00e9nergie solaire, \u00e0 la t\u00eate de ma propre entreprise, avant de d\u00e9cider de faire de ma passion, la vid\u00e9ographie, mon m\u00e9tier. En effet, j&rsquo;ai re\u00e7u une formation en tant que<\/span><span class=\"OYPEnA font-feature-liga-off font-feature-clig-off font-feature-calt-off text-decoration-none text-strikethrough-none\">cam\u00e9raman et pilote de drone certifi\u00e9, et j&rsquo;ai obtenu la certification Davinci Resolve pour le montage et l&rsquo;\u00e9talonnage. <\/span><span class=\"OYPEnA font-feature-liga-off font-feature-clig-off font-feature-calt-off text-decoration-none text-strikethrough-none\">certifi\u00e9 avec Davinci Resolve pour le montage, l&rsquo;\u00e9dition et l&rsquo;\u00e9talonnage.<\/span><\/p>\n<p>[\/et_pb_text][et_pb_blurb title=\u00a0\u00bbPOURQUOI VOUS DIS-JE CELA ?\u00a0\u00bb content_max_width=\u00a0\u00bb100%\u00a0\u00bb _builder_version=\u00a0\u00bb4.24.0&Prime; _module_preset=\u00a0\u00bbdefault\u00a0\u00bb header_font=\u00a0\u00bb|800|||||||\u00a0\u00bb header_text_color=\u00a0\u00bb#1DB5B5&Prime; header_font_size=\u00a0\u00bb22px\u00a0\u00bb body_text_color=\u00a0\u00bb#454445&Prime; body_font_size=\u00a0\u00bb20px\u00a0\u00bb body_line_height=\u00a0\u00bb2em\u00a0\u00bb animation_style=\u00a0\u00bbbounce\u00a0\u00bb header_font_size_tablet=\u00a0\u00bb22px\u00a0\u00bb header_font_size_phone=\u00a0\u00bb20px\u00a0\u00bb header_font_size_last_edited=\u00a0\u00bbon|phone\u00a0\u00bb body_font_size_tablet=\u00a0\u00bb20px\u00a0\u00bb body_font_size_phone=\u00a0\u00bb16px\u00a0\u00bb body_font_size_last_edited=\u00a0\u00bbon|phone\u00a0\u00bb locked=\u00a0\u00bboff\u00a0\u00bb global_colors_info=\u00a0\u00bb{}\u00a0\u00bb][\/et_pb_blurb][et_pb_divider color=\u00a0\u00bb#1DB5B5&Prime; divider_weight=\u00a0\u00bb3px\u00a0\u00bb _builder_version=\u00a0\u00bb4.21.0&Prime; _module_preset=\u00a0\u00bbdefault\u00a0\u00bb width=\u00a0\u00bb15%\u00a0\u00bb custom_margin=\u00a0\u00bb||3px||false|false\u00a0\u00bb custom_padding=\u00a0\u00bb||0px||false|false\u00a0\u00bb locked=\u00a0\u00bboff\u00a0\u00bb global_colors_info=\u00a0\u00bb{}\u00a0\u00bb][\/et_pb_divider][et_pb_text _builder_version=\u00a0\u00bb4.24.0&Prime; _module_preset=\u00a0\u00bbdefault\u00a0\u00bb text_font=\u00a0\u00bbgotham light||||||||\u00a0\u00bb text_text_color=\u00a0\u00bb#454445&Prime; text_font_size=\u00a0\u00bb16px\u00a0\u00bb link_text_color=\u00a0\u00bb#454445&Prime; text_font_size_tablet=\u00a0\u00bb16px\u00a0\u00bb text_font_size_phone=\u00a0\u00bb14px\u00a0\u00bb text_font_size_last_edited=\u00a0\u00bbon|phone\u00a0\u00bb locked=\u00a0\u00bboff\u00a0\u00bb global_colors_info=\u00a0\u00bb{}\u00a0\u00bb]<\/p>\n<p>Pourquoi vous dis-je cela ? Parce que mon projet de vid\u00e9ographie, <a href=\"https:\/\/josepcolomevideo.com\" target=\"_blank\" rel=\"noopener\">Teaser Visuals<\/a>, et le projet Digital Marketing Fuerteventura ne sont pas mes premiers projets entrepreneuriaux r\u00e9ussis. Je sais donc que la cl\u00e9 du succ\u00e8s, la v\u00f4tre, est de comprendre que l&rsquo;<strong>objectif de vos vid\u00e9os est de VENDRE &#8211;<\/strong> rien de plus, rien de moins !<\/p>\n<p>[\/et_pb_text][et_pb_button button_url=\u00a0\u00bbhttps:\/\/wa.me\/34696858839&Prime; url_new_window=\u00a0\u00bbon\u00a0\u00bb button_text=\u00a0\u00bbCONTACTEZ-MOI !\u00a0\u00bb _builder_version=\u00a0\u00bb4.24.0&Prime; _module_preset=\u00a0\u00bbdefault\u00a0\u00bb custom_button=\u00a0\u00bbon\u00a0\u00bb button_text_size=\u00a0\u00bb16px\u00a0\u00bb button_text_color=\u00a0\u00bb#1DB5B5&Prime; button_bg_color=\u00a0\u00bbRGBA(255,255,255,0)\u00a0\u00bb button_border_radius=\u00a0\u00bb39px\u00a0\u00bb button_font=\u00a0\u00bbMontserrat||||||||\u00a0\u00bb hover_enabled=\u00a0\u00bb0&Prime; locked=\u00a0\u00bboff\u00a0\u00bb global_colors_info=\u00a0\u00bb{}\u00a0\u00bb sticky_enabled=\u00a0\u00bb0&Prime;][\/et_pb_button][et_pb_button button_url=\u00a0\u00bbmailto:josep@digitalmarketingfuerteventura.com\u00a0\u00bb url_new_window=\u00a0\u00bbon\u00a0\u00bb button_text=\u00a0\u00bbEMAIL\u00a0\u00bb _builder_version=\u00a0\u00bb4.24.0&Prime; _module_preset=\u00a0\u00bbdefault\u00a0\u00bb custom_button=\u00a0\u00bbon\u00a0\u00bb button_text_size=\u00a0\u00bb16px\u00a0\u00bb button_text_color=\u00a0\u00bb#1DB5B5&Prime; button_bg_color=\u00a0\u00bbRGBA(255,255,255,0)\u00a0\u00bb button_border_radius=\u00a0\u00bb39px\u00a0\u00bb button_font=\u00a0\u00bbMontserrat||||||||\u00a0\u00bb hover_enabled=\u00a0\u00bb0&Prime; locked=\u00a0\u00bboff\u00a0\u00bb global_colors_info=\u00a0\u00bb{}\u00a0\u00bb sticky_enabled=\u00a0\u00bb0&Prime;][\/et_pb_button][\/et_pb_column][\/et_pb_row][\/et_pb_section]<\/p>\n","protected":false},"excerpt":{"rendered":"<p>JOSEP COLOM\u00c9 REPRESALA PRODUCTION DE VID\u00c9OS PROMOTIONNELLES, DE DOCUMENTAIRES ET DE VID\u00c9OS POUR LES M\u00c9DIAS SOCIAUXvous donnez un appareil photo \u00e0 un esprit hyper-cr\u00e9atif ? Qui cr\u00e9e des vid\u00e9os super originales, fra\u00eeches, diff\u00e9rentes et passionnantes pour raconter l&rsquo;histoire de votre marque !Ma curiosit\u00e9 et mon d\u00e9sir de conna\u00eetre et d&rsquo;apprendre toujours plus m&rsquo;ont amen\u00e9e \u00e0 [&hellip;]<\/p>\n","protected":false},"author":1,"featured_media":0,"parent":0,"menu_order":0,"comment_status":"closed","ping_status":"closed","template":"","meta":{"_et_pb_use_builder":"on","_et_pb_old_content":"","_et_gb_content_width":"","footnotes":""},"class_list":["post-5028","page","type-page","status-publish","hentry"],"yoast_head":"<!-- This site is optimized with the Yoast SEO plugin v26.7 - https:\/\/yoast.com\/wordpress\/plugins\/seo\/ -->\n<title>Josep Colom\u00e9 Represa - Vid\u00e9ographe \u00e0 Fuerteventura<\/title>\n<meta name=\"description\" content=\"Racontez l&#039;histoire de votre marque avec des vid\u00e9os promotionnelles ou de m\u00e9dias sociaux aussi uniques et originales que votre projet !\" \/>\n<meta name=\"robots\" content=\"index, follow, max-snippet:-1, max-image-preview:large, max-video-preview:-1\" \/>\n<link rel=\"canonical\" href=\"https:\/\/digitalmarketingfuerteventura.com\/fr\/a-propos-de-josep\" \/>\n<meta property=\"og:locale\" content=\"fr_FR\" \/>\n<meta property=\"og:type\" content=\"article\" \/>\n<meta property=\"og:title\" content=\"Josep Colom\u00e9 Represa - Vid\u00e9ographe \u00e0 Fuerteventura\" \/>\n<meta property=\"og:description\" content=\"Racontez l&#039;histoire de votre marque avec des vid\u00e9os promotionnelles ou de m\u00e9dias sociaux aussi uniques et originales que votre projet !\" \/>\n<meta property=\"og:url\" content=\"https:\/\/digitalmarketingfuerteventura.com\/fr\/a-propos-de-josep\" \/>\n<meta property=\"og:site_name\" content=\"DIGITAL MARKETING FUERTEVENTURA\" \/>\n<meta property=\"article:modified_time\" content=\"2024-07-28T23:04:54+00:00\" \/>\n<meta name=\"twitter:card\" content=\"summary_large_image\" \/>\n<meta name=\"twitter:label1\" content=\"Dur\u00e9e de lecture estim\u00e9e\" \/>\n\t<meta name=\"twitter:data1\" content=\"8 minutes\" \/>\n<script type=\"application\/ld+json\" class=\"yoast-schema-graph\">{\"@context\":\"https:\/\/schema.org\",\"@graph\":[{\"@type\":\"WebPage\",\"@id\":\"https:\/\/digitalmarketingfuerteventura.com\/fr\/a-propos-de-josep\",\"url\":\"https:\/\/digitalmarketingfuerteventura.com\/fr\/a-propos-de-josep\",\"name\":\"Josep Colom\u00e9 Represa - Vid\u00e9ographe \u00e0 Fuerteventura\",\"isPartOf\":{\"@id\":\"https:\/\/digitalmarketingfuerteventura.com\/fr#website\"},\"datePublished\":\"2024-07-25T22:07:40+00:00\",\"dateModified\":\"2024-07-28T23:04:54+00:00\",\"description\":\"Racontez l'histoire de votre marque avec des vid\u00e9os promotionnelles ou de m\u00e9dias sociaux aussi uniques et originales que votre projet !\",\"inLanguage\":\"fr-FR\",\"potentialAction\":[{\"@type\":\"ReadAction\",\"target\":[\"https:\/\/digitalmarketingfuerteventura.com\/fr\/a-propos-de-josep\"]}]},{\"@type\":\"WebSite\",\"@id\":\"https:\/\/digitalmarketingfuerteventura.com\/fr#website\",\"url\":\"https:\/\/digitalmarketingfuerteventura.com\/fr\",\"name\":\"DIGITAL MARKETING FUERTEVENTURA\",\"description\":\"Agencia de marketing digital en Fuerteventura, Islas Canarias\",\"potentialAction\":[{\"@type\":\"SearchAction\",\"target\":{\"@type\":\"EntryPoint\",\"urlTemplate\":\"https:\/\/digitalmarketingfuerteventura.com\/fr?s={search_term_string}\"},\"query-input\":{\"@type\":\"PropertyValueSpecification\",\"valueRequired\":true,\"valueName\":\"search_term_string\"}}],\"inLanguage\":\"fr-FR\"}]}<\/script>\n<!-- \/ Yoast SEO plugin. -->","yoast_head_json":{"title":"Josep Colom\u00e9 Represa - Vid\u00e9ographe \u00e0 Fuerteventura","description":"Racontez l'histoire de votre marque avec des vid\u00e9os promotionnelles ou de m\u00e9dias sociaux aussi uniques et originales que votre projet !","robots":{"index":"index","follow":"follow","max-snippet":"max-snippet:-1","max-image-preview":"max-image-preview:large","max-video-preview":"max-video-preview:-1"},"canonical":"https:\/\/digitalmarketingfuerteventura.com\/fr\/a-propos-de-josep","og_locale":"fr_FR","og_type":"article","og_title":"Josep Colom\u00e9 Represa - Vid\u00e9ographe \u00e0 Fuerteventura","og_description":"Racontez l'histoire de votre marque avec des vid\u00e9os promotionnelles ou de m\u00e9dias sociaux aussi uniques et originales que votre projet !","og_url":"https:\/\/digitalmarketingfuerteventura.com\/fr\/a-propos-de-josep","og_site_name":"DIGITAL MARKETING FUERTEVENTURA","article_modified_time":"2024-07-28T23:04:54+00:00","twitter_card":"summary_large_image","twitter_misc":{"Dur\u00e9e de lecture estim\u00e9e":"8 minutes"},"schema":{"@context":"https:\/\/schema.org","@graph":[{"@type":"WebPage","@id":"https:\/\/digitalmarketingfuerteventura.com\/fr\/a-propos-de-josep","url":"https:\/\/digitalmarketingfuerteventura.com\/fr\/a-propos-de-josep","name":"Josep Colom\u00e9 Represa - Vid\u00e9ographe \u00e0 Fuerteventura","isPartOf":{"@id":"https:\/\/digitalmarketingfuerteventura.com\/fr#website"},"datePublished":"2024-07-25T22:07:40+00:00","dateModified":"2024-07-28T23:04:54+00:00","description":"Racontez l'histoire de votre marque avec des vid\u00e9os promotionnelles ou de m\u00e9dias sociaux aussi uniques et originales que votre projet !","inLanguage":"fr-FR","potentialAction":[{"@type":"ReadAction","target":["https:\/\/digitalmarketingfuerteventura.com\/fr\/a-propos-de-josep"]}]},{"@type":"WebSite","@id":"https:\/\/digitalmarketingfuerteventura.com\/fr#website","url":"https:\/\/digitalmarketingfuerteventura.com\/fr","name":"DIGITAL MARKETING FUERTEVENTURA","description":"Agencia de marketing digital en Fuerteventura, Islas Canarias","potentialAction":[{"@type":"SearchAction","target":{"@type":"EntryPoint","urlTemplate":"https:\/\/digitalmarketingfuerteventura.com\/fr?s={search_term_string}"},"query-input":{"@type":"PropertyValueSpecification","valueRequired":true,"valueName":"search_term_string"}}],"inLanguage":"fr-FR"}]}},"_links":{"self":[{"href":"https:\/\/digitalmarketingfuerteventura.com\/fr\/wp-json\/wp\/v2\/pages\/5028","targetHints":{"allow":["GET"]}}],"collection":[{"href":"https:\/\/digitalmarketingfuerteventura.com\/fr\/wp-json\/wp\/v2\/pages"}],"about":[{"href":"https:\/\/digitalmarketingfuerteventura.com\/fr\/wp-json\/wp\/v2\/types\/page"}],"author":[{"embeddable":true,"href":"https:\/\/digitalmarketingfuerteventura.com\/fr\/wp-json\/wp\/v2\/users\/1"}],"replies":[{"embeddable":true,"href":"https:\/\/digitalmarketingfuerteventura.com\/fr\/wp-json\/wp\/v2\/comments?post=5028"}],"version-history":[{"count":2,"href":"https:\/\/digitalmarketingfuerteventura.com\/fr\/wp-json\/wp\/v2\/pages\/5028\/revisions"}],"predecessor-version":[{"id":5030,"href":"https:\/\/digitalmarketingfuerteventura.com\/fr\/wp-json\/wp\/v2\/pages\/5028\/revisions\/5030"}],"wp:attachment":[{"href":"https:\/\/digitalmarketingfuerteventura.com\/fr\/wp-json\/wp\/v2\/media?parent=5028"}],"curies":[{"name":"wp","href":"https:\/\/api.w.org\/{rel}","templated":true}]}}