{"id":5020,"date":"2024-07-25T22:30:28","date_gmt":"2024-07-25T22:30:28","guid":{"rendered":"https:\/\/digitalmarketingfuerteventura.com\/a-propos-de-helena"},"modified":"2024-07-28T23:02:52","modified_gmt":"2024-07-28T23:02:52","slug":"a-propos-de-helena","status":"publish","type":"page","link":"https:\/\/digitalmarketingfuerteventura.com\/fr\/a-propos-de-helena","title":{"rendered":"\u00c0 PROPOS DE HELENA"},"content":{"rendered":"<p>[et_pb_section fb_built=\u00a0\u00bb1&Prime; custom_padding_last_edited=\u00a0\u00bbon|phone\u00a0\u00bb _builder_version=\u00a0\u00bb4.24.0&Prime; _module_preset=\u00a0\u00bbdefault\u00a0\u00bb background_color=\u00a0\u00bb#258B97&Prime; background_image=\u00a0\u00bbhttps:\/\/digitalmarketingfuerteventura.com\/wp-content\/uploads\/2024\/07\/Portadas-nueva-web-DML-2.jpg\u00a0\u00bb custom_padding=\u00a0\u00bb200px||248px||false|false\u00a0\u00bb custom_padding_tablet=\u00a0\u00bb200px||97px||false|false\u00a0\u00bb custom_padding_phone=\u00a0\u00bb92px||10px||false|false\u00a0\u00bb locked=\u00a0\u00bboff\u00a0\u00bb global_colors_info=\u00a0\u00bb{}\u00a0\u00bb][et_pb_row column_structure=\u00a0\u00bb2_3,1_3&Prime; _builder_version=\u00a0\u00bb4.21.0&Prime; _module_preset=\u00a0\u00bbdefault\u00a0\u00bb custom_padding=\u00a0\u00bb161px|||||\u00a0\u00bb global_colors_info=\u00a0\u00bb{}\u00a0\u00bb][et_pb_column type=\u00a0\u00bb2_3&Prime; _builder_version=\u00a0\u00bb4.21.0&Prime; _module_preset=\u00a0\u00bbdefault\u00a0\u00bb global_colors_info=\u00a0\u00bb{}\u00a0\u00bb][et_pb_text _builder_version=\u00a0\u00bb4.24.0&Prime; _module_preset=\u00a0\u00bbdefault\u00a0\u00bb header_font=\u00a0\u00bb|300|||||||\u00a0\u00bb header_text_align=\u00a0\u00bbleft\u00a0\u00bb header_text_color=\u00a0\u00bb#FFFFFF\u00a0\u00bb header_font_size=\u00a0\u00bb60px\u00a0\u00bb custom_margin=\u00a0\u00bb||-1px|||\u00a0\u00bb header_font_size_tablet=\u00a0\u00bb40px\u00a0\u00bb header_font_size_phone=\u00a0\u00bb30px\u00a0\u00bb header_font_size_last_edited=\u00a0\u00bbon|phone\u00a0\u00bb global_colors_info=\u00a0\u00bb{}\u00a0\u00bb]<\/p>\n<h1 class=\"vc_custom_heading\"><span><strong>HELENA<\/strong><\/span><\/h1>\n<h1 class=\"vc_custom_heading\"><span><strong>COLOM\u00c9 REPRESA<\/strong><\/span><\/h1>\n<p>[\/et_pb_text][\/et_pb_column][et_pb_column type=\u00a0\u00bb1_3&Prime; _builder_version=\u00a0\u00bb4.21.0&Prime; _module_preset=\u00a0\u00bbdefault\u00a0\u00bb global_colors_info=\u00a0\u00bb{}\u00a0\u00bb][\/et_pb_column][\/et_pb_row][et_pb_row admin_label=\u00a0\u00bbic\u00f4ne whatsapp\u00a0\u00bb _builder_version=\u00a0\u00bb4.21.0&Prime; _module_preset=\u00a0\u00bbdefault\u00a0\u00bb background_enable_color=\u00a0\u00bboff\u00a0\u00bb positioning=\u00a0\u00bbfixed\u00a0\u00bb position_origin_f=\u00a0\u00bbcenter_right\u00a0\u00bb horizontal_offset=\u00a0\u00bb3px\u00a0\u00bb z_index=\u00a0\u00bb64&Prime; width=\u00a0\u00bb80px\u00a0\u00bb global_colors_info=\u00a0\u00bb{}\u00a0\u00bb][et_pb_column type=\u00a0\u00bb4_4&Prime; _builder_version=\u00a0\u00bb4.21.0&Prime; _module_preset=\u00a0\u00bbdefault\u00a0\u00bb global_colors_info=\u00a0\u00bb{}\u00a0\u00bb][et_pb_code _builder_version=\u00a0\u00bb4.21.0&Prime; _module_preset=\u00a0\u00bbdefault\u00a0\u00bb link_option_url=\u00a0\u00bbhttps:\/\/wa.link\/spiimm\u00a0\u00bb global_colors_info=\u00a0\u00bb{}\u00a0\u00bb]<script src=\"https:\/\/unpkg.com\/@lottiefiles\/lottie-player@latest\/dist\/lottie-player.js\"><\/script><!-- [et_pb_line_break_holder] --><lottie-player src=\"https:\/\/assets9.lottiefiles.com\/private_files\/lf30_jtcwd1c6.json\" background=\"transparent\" speed=\"0.3\" style=\"width: 80px; height: 80px;\" loop=\"\" autoplay=\"\"><\/lottie-player>[\/et_pb_code][\/et_pb_column][\/et_pb_row][\/et_pb_section][et_pb_section fb_built=\u00a0\u00bb1&Prime; _builder_version=\u00a0\u00bb4.21.0&Prime; _module_preset=\u00a0\u00bbdefault\u00a0\u00bb background_enable_color=\u00a0\u00bboff\u00a0\u00bb background_image=\u00a0\u00bbhttps:\/\/digitalmarketingfuerteventura.com\/wp-content\/uploads\/2023\/05\/ELEMENTOS-DML-28.png\u00a0\u00bb locked=\u00a0\u00bboff\u00a0\u00bb global_colors_info=\u00a0\u00bb{}\u00a0\u00bb][et_pb_row _builder_version=\u00a0\u00bb4.21.0&Prime; _module_preset=\u00a0\u00bbdefault\u00a0\u00bb max_width=\u00a0\u00bb100%\u00a0\u00bb global_colors_info=\u00a0\u00bb{}\u00a0\u00bb][et_pb_column type=\u00a0\u00bb4_4&Prime; _builder_version=\u00a0\u00bb4.21.0&Prime; _module_preset=\u00a0\u00bbdefault\u00a0\u00bb global_colors_info=\u00a0\u00bb{}\u00a0\u00bb][et_pb_text _builder_version=\u00a0\u00bb4.24.0&Prime; _module_preset=\u00a0\u00bbdefault\u00a0\u00bb header_font=\u00a0\u00bb|800|||||||\u00a0\u00bb header_text_align=\u00a0\u00bbcenter\u00a0\u00bb header_text_color=\u00a0\u00bb#1DB5B5&Prime; header_font_size=\u00a0\u00bb50px\u00a0\u00bb header_font_size_tablet=\u00a0\u00bb40px\u00a0\u00bb header_font_size_phone=\u00a0\u00bb25px\u00a0\u00bb header_font_size_last_edited=\u00a0\u00bbon|phone\u00a0\u00bb global_colors_info=\u00a0\u00bb{}\u00a0\u00bb]<\/p>\n<h1 class=\"vc_custom_heading\"><span>SC\u00c9NARISTE, ACTRICE ET FORMATRICE EN COMMUNICATION VISUELLE<\/span><\/h1>\n<p>[\/et_pb_text][et_pb_image src=\u00a0\u00bbhttps:\/\/digitalmarketingfuerteventura.com\/wp-content\/uploads\/2024\/07\/Fotos-equipo-DMF-2.png\u00a0\u00bb alt=\u00a0\u00bbgladys becerra torlay digital marketing lanzarote\u00a0\u00bb align=\u00a0\u00bbcenter\u00a0\u00bb disabled_on=\u00a0\u00bboff|off|on\u00a0\u00bb _builder_version=\u00a0\u00bb4.24.0&Prime; _module_preset=\u00a0\u00bbdefault\u00a0\u00bb global_colors_info=\u00a0\u00bb{}\u00a0\u00bb][\/et_pb_image][\/et_pb_column][\/et_pb_row][et_pb_row column_structure=\u00a0\u00bb2_5,3_5&Prime; make_equal=\u00a0\u00bbon\u00a0\u00bb _builder_version=\u00a0\u00bb4.24.0&Prime; _module_preset=\u00a0\u00bbdefault\u00a0\u00bb global_colors_info=\u00a0\u00bb{}\u00a0\u00bb][et_pb_column type=\u00a0\u00bb2_5&Prime; module_class=\u00a0\u00bbds-vertical-align\u00a0\u00bb _builder_version=\u00a0\u00bb4.24.0&Prime; _module_preset=\u00a0\u00bbdefault\u00a0\u00bb background_image=\u00a0\u00bbhttps:\/\/digitalmarketingfuerteventura.com\/wp-content\/uploads\/2024\/07\/Diseno-sin-titulo-5.png\u00a0\u00bb background_last_edited=\u00a0\u00bbon|phone\u00a0\u00bb background_enable_image_tablet=\u00a0\u00bboff\u00a0\u00bb global_colors_info=\u00a0\u00bb{}\u00a0\u00bb][\/et_pb_column][et_pb_column type=\u00a0\u00bb3_5&Prime; module_class=\u00a0\u00bbds-vertical-align\u00a0\u00bb _builder_version=\u00a0\u00bb4.21.0&Prime; _module_preset=\u00a0\u00bbdefault\u00a0\u00bb global_colors_info=\u00a0\u00bb{}\u00a0\u00bb][et_pb_blurb title=\u00a0\u00bbLE TH\u00c9\u00c2TRE COMME MOTEUR DE MA VIE PROFESSIONNELLE\u00a0\u00bb content_max_width=\u00a0\u00bb100%\u00a0\u00bb _builder_version=\u00a0\u00bb4.24.0&Prime; _module_preset=\u00a0\u00bbdefault\u00a0\u00bb header_font=\u00a0\u00bb|800|||||||\u00a0\u00bb header_text_color=\u00a0\u00bb#1DB5B5&Prime; header_font_size=\u00a0\u00bb22px\u00a0\u00bb body_text_color=\u00a0\u00bb#454445&Prime; body_font_size=\u00a0\u00bb20px\u00a0\u00bb body_line_height=\u00a0\u00bb2em\u00a0\u00bb animation_style=\u00a0\u00bbbounce\u00a0\u00bb header_font_size_tablet=\u00a0\u00bb22px\u00a0\u00bb header_font_size_phone=\u00a0\u00bb20px\u00a0\u00bb header_font_size_last_edited=\u00a0\u00bbon|phone\u00a0\u00bb body_font_size_tablet=\u00a0\u00bb20px\u00a0\u00bb body_font_size_phone=\u00a0\u00bb16px\u00a0\u00bb body_font_size_last_edited=\u00a0\u00bbon|phone\u00a0\u00bb global_colors_info=\u00a0\u00bb{}\u00a0\u00bb][\/et_pb_blurb][et_pb_divider color=\u00a0\u00bb#1DB5B5&Prime; divider_weight=\u00a0\u00bb3px\u00a0\u00bb _builder_version=\u00a0\u00bb4.21.0&Prime; _module_preset=\u00a0\u00bbdefault\u00a0\u00bb width=\u00a0\u00bb15%\u00a0\u00bb custom_margin=\u00a0\u00bb||3px||false|false\u00a0\u00bb custom_padding=\u00a0\u00bb||0px||false|false\u00a0\u00bb global_colors_info=\u00a0\u00bb{}\u00a0\u00bb][\/et_pb_divider][et_pb_text _builder_version=\u00a0\u00bb4.24.0&Prime; _module_preset=\u00a0\u00bbdefault\u00a0\u00bb text_font=\u00a0\u00bbgotham light||||||||\u00a0\u00bb text_text_color=\u00a0\u00bb#454445&Prime; text_font_size=\u00a0\u00bb16px\u00a0\u00bb link_text_color=\u00a0\u00bb#454445&Prime; text_font_size_tablet=\u00a0\u00bb16px\u00a0\u00bb text_font_size_phone=\u00a0\u00bb14px\u00a0\u00bb text_font_size_last_edited=\u00a0\u00bbon|phone\u00a0\u00bb global_colors_info=\u00a0\u00bb{}\u00a0\u00bb]<\/p>\n<p><span>On dit que si vous faites de votre passion votre m\u00e9tier, vous ne travaillerez jamais de votre vie. Et c&rsquo;est plus ou moins ce que j&rsquo;ai fait, m\u00eame si je vous assure que le th\u00e9\u00e2tre demande beaucoup de travail !<\/span><\/p>\n<p>[\/et_pb_text][et_pb_blurb title=\u00a0\u00bbL&#039;APPLICATION DE MON EXP\u00c9RIENCE DANS LE DOMAINE DU TH\u00c9\u00c2TRE\u00a0\u00bb content_max_width=\u00a0\u00bb100%\u00a0\u00bb _builder_version=\u00a0\u00bb4.24.0&Prime; _module_preset=\u00a0\u00bbdefault\u00a0\u00bb header_font=\u00a0\u00bb|800|||||||\u00a0\u00bb header_text_color=\u00a0\u00bb#1DB5B5&Prime; header_font_size=\u00a0\u00bb22px\u00a0\u00bb body_text_color=\u00a0\u00bb#454445&Prime; body_font_size=\u00a0\u00bb20px\u00a0\u00bb body_line_height=\u00a0\u00bb2em\u00a0\u00bb animation_style=\u00a0\u00bbbounce\u00a0\u00bb header_font_size_tablet=\u00a0\u00bb22px\u00a0\u00bb header_font_size_phone=\u00a0\u00bb20px\u00a0\u00bb header_font_size_last_edited=\u00a0\u00bbon|phone\u00a0\u00bb body_font_size_tablet=\u00a0\u00bb20px\u00a0\u00bb body_font_size_phone=\u00a0\u00bb16px\u00a0\u00bb body_font_size_last_edited=\u00a0\u00bbon|phone\u00a0\u00bb global_colors_info=\u00a0\u00bb{}\u00a0\u00bb][\/et_pb_blurb][et_pb_divider color=\u00a0\u00bb#1DB5B5&Prime; divider_weight=\u00a0\u00bb3px\u00a0\u00bb _builder_version=\u00a0\u00bb4.21.0&Prime; _module_preset=\u00a0\u00bbdefault\u00a0\u00bb width=\u00a0\u00bb15%\u00a0\u00bb custom_margin=\u00a0\u00bb||3px||false|false\u00a0\u00bb custom_padding=\u00a0\u00bb||0px||false|false\u00a0\u00bb locked=\u00a0\u00bboff\u00a0\u00bb global_colors_info=\u00a0\u00bb{}\u00a0\u00bb][\/et_pb_divider][et_pb_text _builder_version=\u00a0\u00bb4.24.0&Prime; _module_preset=\u00a0\u00bbdefault\u00a0\u00bb text_font=\u00a0\u00bbgotham light||||||||\u00a0\u00bb text_text_color=\u00a0\u00bb#454445&Prime; text_font_size=\u00a0\u00bb16px\u00a0\u00bb link_text_color=\u00a0\u00bb#454445&Prime; hover_enabled=\u00a0\u00bb0&Prime; text_font_size_tablet=\u00a0\u00bb16px\u00a0\u00bb text_font_size_phone=\u00a0\u00bb14px\u00a0\u00bb text_font_size_last_edited=\u00a0\u00bbon|phone\u00a0\u00bb locked=\u00a0\u00bboff\u00a0\u00bb global_colors_info=\u00a0\u00bb{}\u00a0\u00bb sticky_enabled=\u00a0\u00bb0&Prime;]<\/p>\n<p>J&rsquo;ai v\u00e9cu 25 ans \u00e0 Porto Rico et j&rsquo;ai toujours exerc\u00e9 des professions li\u00e9es au monde du th\u00e9\u00e2tre : <strong>com\u00e9dien, metteur en sc\u00e8ne, formateur en art dramatique et en expression corporelle<\/strong>&#8230; Le th\u00e9\u00e2tre est pour moi un mode de vie, une passion.  <strong>Et qu&rsquo;est-ce qui distingue une pi\u00e8ce brillante d&rsquo;une pi\u00e8ce m\u00e9diocre ? L&rsquo;histoire et les acteurs.<\/strong>  Les deux cl\u00e9s pour que l&rsquo;intrigue de la pi\u00e8ce se connecte au public, le fasse rire, pleurer&#8230; et, surtout, qu&rsquo;il se souvienne de la pi\u00e8ce. C&rsquo;est <strong>ce que je fais avec les marques qui travaillent avec nous : cr\u00e9er des sc\u00e9narios pour les vid\u00e9os<\/strong> que <a href=\"https:\/\/digitalmarketingfuerteventura.com\/sobre-josep\" target=\"_blank\" rel=\"noopener\">Josep<\/a> r\u00e9alise et que <a href=\"https:\/\/digitalmarketingfuerteventura.com\/sobre-gladys\" target=\"_blank\" rel=\"noopener\">Gladys<\/a> int\u00e8gre dans votre strat\u00e9gie de communication. Parce que votre marque m\u00e9rite une histoire aussi sp\u00e9ciale et unique qu&rsquo;elle l&rsquo;est !<\/p>\n<p>[\/et_pb_text][et_pb_blurb title=\u00a0\u00bbDEVANT ET DERRI\u00c8RE LA CAM\u00c9RA\u00a0\u00bb content_max_width=\u00a0\u00bb100%\u00a0\u00bb _builder_version=\u00a0\u00bb4.24.0&Prime; _module_preset=\u00a0\u00bbdefault\u00a0\u00bb header_font=\u00a0\u00bb|800|||||||\u00a0\u00bb header_text_color=\u00a0\u00bb#1DB5B5&Prime; header_font_size=\u00a0\u00bb22px\u00a0\u00bb body_text_color=\u00a0\u00bb#454445&Prime; body_font_size=\u00a0\u00bb20px\u00a0\u00bb body_line_height=\u00a0\u00bb2em\u00a0\u00bb animation_style=\u00a0\u00bbbounce\u00a0\u00bb header_font_size_tablet=\u00a0\u00bb22px\u00a0\u00bb header_font_size_phone=\u00a0\u00bb20px\u00a0\u00bb header_font_size_last_edited=\u00a0\u00bbon|phone\u00a0\u00bb body_font_size_tablet=\u00a0\u00bb20px\u00a0\u00bb body_font_size_phone=\u00a0\u00bb16px\u00a0\u00bb body_font_size_last_edited=\u00a0\u00bbon|phone\u00a0\u00bb locked=\u00a0\u00bboff\u00a0\u00bb global_colors_info=\u00a0\u00bb{}\u00a0\u00bb][\/et_pb_blurb][et_pb_divider color=\u00a0\u00bb#1DB5B5&Prime; divider_weight=\u00a0\u00bb3px\u00a0\u00bb _builder_version=\u00a0\u00bb4.21.0&Prime; _module_preset=\u00a0\u00bbdefault\u00a0\u00bb width=\u00a0\u00bb15%\u00a0\u00bb custom_margin=\u00a0\u00bb||3px||false|false\u00a0\u00bb custom_padding=\u00a0\u00bb||0px||false|false\u00a0\u00bb locked=\u00a0\u00bboff\u00a0\u00bb global_colors_info=\u00a0\u00bb{}\u00a0\u00bb][\/et_pb_divider][et_pb_text _builder_version=\u00a0\u00bb4.24.0&Prime; _module_preset=\u00a0\u00bbdefault\u00a0\u00bb text_font=\u00a0\u00bbgotham light||||||||\u00a0\u00bb text_text_color=\u00a0\u00bb#454445&Prime; text_font_size=\u00a0\u00bb16px\u00a0\u00bb link_text_color=\u00a0\u00bb#454445&Prime; text_font_size_tablet=\u00a0\u00bb16px\u00a0\u00bb text_font_size_phone=\u00a0\u00bb14px\u00a0\u00bb text_font_size_last_edited=\u00a0\u00bbon|phone\u00a0\u00bb locked=\u00a0\u00bboff\u00a0\u00bb global_colors_info=\u00a0\u00bb{}\u00a0\u00bb]<\/p>\n<p><strong>Je suis aussi et surtout une actrice passionn\u00e9e par son travail.<\/strong>  Je participe donc souvent aux histoires que nous racontons dans nos vid\u00e9os et je coordonne l&rsquo;\u00e9quipe d&rsquo;acteurs sur le plateau. Un tout-en-un !<\/p>\n<p>[\/et_pb_text][et_pb_blurb title=\u00a0\u00bbJE VOUS MONTRE LES CL\u00c9S\u00a0\u00bb content_max_width=\u00a0\u00bb100%\u00a0\u00bb _builder_version=\u00a0\u00bb4.24.0&Prime; _module_preset=\u00a0\u00bbdefault\u00a0\u00bb header_font=\u00a0\u00bb|800|||||||\u00a0\u00bb header_text_color=\u00a0\u00bb#1DB5B5&Prime; header_font_size=\u00a0\u00bb22px\u00a0\u00bb body_text_color=\u00a0\u00bb#454445&Prime; body_font_size=\u00a0\u00bb20px\u00a0\u00bb body_line_height=\u00a0\u00bb2em\u00a0\u00bb animation_style=\u00a0\u00bbbounce\u00a0\u00bb header_font_size_tablet=\u00a0\u00bb22px\u00a0\u00bb header_font_size_phone=\u00a0\u00bb20px\u00a0\u00bb header_font_size_last_edited=\u00a0\u00bbon|phone\u00a0\u00bb body_font_size_tablet=\u00a0\u00bb20px\u00a0\u00bb body_font_size_phone=\u00a0\u00bb16px\u00a0\u00bb body_font_size_last_edited=\u00a0\u00bbon|phone\u00a0\u00bb locked=\u00a0\u00bboff\u00a0\u00bb global_colors_info=\u00a0\u00bb{}\u00a0\u00bb][\/et_pb_blurb][et_pb_divider color=\u00a0\u00bb#1DB5B5&Prime; divider_weight=\u00a0\u00bb3px\u00a0\u00bb _builder_version=\u00a0\u00bb4.21.0&Prime; _module_preset=\u00a0\u00bbdefault\u00a0\u00bb width=\u00a0\u00bb15%\u00a0\u00bb custom_margin=\u00a0\u00bb||3px||false|false\u00a0\u00bb custom_padding=\u00a0\u00bb||0px||false|false\u00a0\u00bb locked=\u00a0\u00bboff\u00a0\u00bb global_colors_info=\u00a0\u00bb{}\u00a0\u00bb][\/et_pb_divider][et_pb_text _builder_version=\u00a0\u00bb4.24.0&Prime; _module_preset=\u00a0\u00bbdefault\u00a0\u00bb text_font=\u00a0\u00bbgotham light||||||||\u00a0\u00bb text_text_color=\u00a0\u00bb#454445&Prime; text_font_size=\u00a0\u00bb16px\u00a0\u00bb link_text_color=\u00a0\u00bb#454445&Prime; hover_enabled=\u00a0\u00bb0&Prime; text_font_size_tablet=\u00a0\u00bb16px\u00a0\u00bb text_font_size_phone=\u00a0\u00bb14px\u00a0\u00bb text_font_size_last_edited=\u00a0\u00bbon|phone\u00a0\u00bb locked=\u00a0\u00bboff\u00a0\u00bb global_colors_info=\u00a0\u00bb{}\u00a0\u00bb sticky_enabled=\u00a0\u00bb0&Prime;]<\/p>\n<p>Suite \u00e0 cette exp\u00e9rience, <strong>j&rsquo;ai cr\u00e9\u00e9 une s\u00e9rie de formations visant \u00e0 vous apprendre \u00e0 communiquer de mani\u00e8re convaincante devant votre public<\/strong>: ainsi, <strong>si vous g\u00e9rez les m\u00e9dias sociaux de votre marque mais que vous d\u00e9testez passer devant la cam\u00e9ra<\/strong>, ou si l&rsquo;id\u00e9e de <strong>parler en public vous fait paniquer et vous boycotte<\/strong>&#8230; je peux vous aider. Je peux vous aider ! Gr\u00e2ce \u00e0 mon mentorat priv\u00e9 ou \u00e0 mes formations en face \u00e0 face, nous r\u00e9soudrons ce petit blocage afin que vous puissiez <strong>BRILLER<\/strong>. <\/p>\n<p>[\/et_pb_text][et_pb_button button_url=\u00a0\u00bbhttps:\/\/wa.me\/34611861990&Prime; url_new_window=\u00a0\u00bbon\u00a0\u00bb button_text=\u00a0\u00bbCONTACTEZ-MOI !\u00a0\u00bb _builder_version=\u00a0\u00bb4.24.0&Prime; _module_preset=\u00a0\u00bbdefault\u00a0\u00bb custom_button=\u00a0\u00bbon\u00a0\u00bb button_text_size=\u00a0\u00bb16px\u00a0\u00bb button_text_color=\u00a0\u00bb#1DB5B5&Prime; button_bg_color=\u00a0\u00bbRGBA(255,255,255,0)\u00a0\u00bb button_border_radius=\u00a0\u00bb39px\u00a0\u00bb button_font=\u00a0\u00bbMontserrat||||||||\u00a0\u00bb locked=\u00a0\u00bboff\u00a0\u00bb global_colors_info=\u00a0\u00bb{}\u00a0\u00bb][\/et_pb_button][\/et_pb_column][\/et_pb_row][\/et_pb_section]<\/p>\n","protected":false},"excerpt":{"rendered":"<p>HELENA COLOM\u00c9 REPRESASC\u00c9NARISTE, ACTRICE ET FORMATRICE EN COMMUNICATION VISUELLEOn dit que si vous faites de votre passion votre m\u00e9tier, vous ne travaillerez jamais de votre vie. Et c&rsquo;est plus ou moins ce que j&rsquo;ai fait, m\u00eame si je vous assure que le th\u00e9\u00e2tre demande beaucoup de travail !J&rsquo;ai v\u00e9cu 25 ans \u00e0 Porto Rico et [&hellip;]<\/p>\n","protected":false},"author":1,"featured_media":0,"parent":0,"menu_order":0,"comment_status":"closed","ping_status":"closed","template":"","meta":{"_et_pb_use_builder":"on","_et_pb_old_content":"","_et_gb_content_width":"","footnotes":""},"class_list":["post-5020","page","type-page","status-publish","hentry"],"yoast_head":"<!-- This site is optimized with the Yoast SEO plugin v26.7 - https:\/\/yoast.com\/wordpress\/plugins\/seo\/ -->\n<title>Helena Colom\u00e9 Represa | Digital Marketing Fuerteventura<\/title>\n<meta name=\"description\" content=\"Le c\u0153ur et l&#039;\u00e2me de votre strat\u00e9gie de communication sont les histoires que vous racontez. Je cr\u00e9e des histoires uniques pour vous et je vous enseigne comment les pr\u00e9senter \u00e0 l&#039;appareil photo !\" \/>\n<meta name=\"robots\" content=\"index, follow, max-snippet:-1, max-image-preview:large, max-video-preview:-1\" \/>\n<link rel=\"canonical\" href=\"https:\/\/digitalmarketingfuerteventura.com\/fr\/a-propos-de-helena\" \/>\n<meta property=\"og:locale\" content=\"fr_FR\" \/>\n<meta property=\"og:type\" content=\"article\" \/>\n<meta property=\"og:title\" content=\"Helena Colom\u00e9 Represa | Digital Marketing Fuerteventura\" \/>\n<meta property=\"og:description\" content=\"Le c\u0153ur et l&#039;\u00e2me de votre strat\u00e9gie de communication sont les histoires que vous racontez. Je cr\u00e9e des histoires uniques pour vous et je vous enseigne comment les pr\u00e9senter \u00e0 l&#039;appareil photo !\" \/>\n<meta property=\"og:url\" content=\"https:\/\/digitalmarketingfuerteventura.com\/fr\/a-propos-de-helena\" \/>\n<meta property=\"og:site_name\" content=\"DIGITAL MARKETING FUERTEVENTURA\" \/>\n<meta property=\"article:modified_time\" content=\"2024-07-28T23:02:52+00:00\" \/>\n<meta name=\"twitter:card\" content=\"summary_large_image\" \/>\n<meta name=\"twitter:label1\" content=\"Dur\u00e9e de lecture estim\u00e9e\" \/>\n\t<meta name=\"twitter:data1\" content=\"7 minutes\" \/>\n<script type=\"application\/ld+json\" class=\"yoast-schema-graph\">{\"@context\":\"https:\/\/schema.org\",\"@graph\":[{\"@type\":\"WebPage\",\"@id\":\"https:\/\/digitalmarketingfuerteventura.com\/fr\/a-propos-de-helena\",\"url\":\"https:\/\/digitalmarketingfuerteventura.com\/fr\/a-propos-de-helena\",\"name\":\"Helena Colom\u00e9 Represa | Digital Marketing Fuerteventura\",\"isPartOf\":{\"@id\":\"https:\/\/digitalmarketingfuerteventura.com\/fr#website\"},\"datePublished\":\"2024-07-25T22:30:28+00:00\",\"dateModified\":\"2024-07-28T23:02:52+00:00\",\"description\":\"Le c\u0153ur et l'\u00e2me de votre strat\u00e9gie de communication sont les histoires que vous racontez. Je cr\u00e9e des histoires uniques pour vous et je vous enseigne comment les pr\u00e9senter \u00e0 l'appareil photo !\",\"inLanguage\":\"fr-FR\",\"potentialAction\":[{\"@type\":\"ReadAction\",\"target\":[\"https:\/\/digitalmarketingfuerteventura.com\/fr\/a-propos-de-helena\"]}]},{\"@type\":\"WebSite\",\"@id\":\"https:\/\/digitalmarketingfuerteventura.com\/fr#website\",\"url\":\"https:\/\/digitalmarketingfuerteventura.com\/fr\",\"name\":\"DIGITAL MARKETING FUERTEVENTURA\",\"description\":\"Agencia de marketing digital en Fuerteventura, Islas Canarias\",\"potentialAction\":[{\"@type\":\"SearchAction\",\"target\":{\"@type\":\"EntryPoint\",\"urlTemplate\":\"https:\/\/digitalmarketingfuerteventura.com\/fr?s={search_term_string}\"},\"query-input\":{\"@type\":\"PropertyValueSpecification\",\"valueRequired\":true,\"valueName\":\"search_term_string\"}}],\"inLanguage\":\"fr-FR\"}]}<\/script>\n<!-- \/ Yoast SEO plugin. -->","yoast_head_json":{"title":"Helena Colom\u00e9 Represa | Digital Marketing Fuerteventura","description":"Le c\u0153ur et l'\u00e2me de votre strat\u00e9gie de communication sont les histoires que vous racontez. Je cr\u00e9e des histoires uniques pour vous et je vous enseigne comment les pr\u00e9senter \u00e0 l'appareil photo !","robots":{"index":"index","follow":"follow","max-snippet":"max-snippet:-1","max-image-preview":"max-image-preview:large","max-video-preview":"max-video-preview:-1"},"canonical":"https:\/\/digitalmarketingfuerteventura.com\/fr\/a-propos-de-helena","og_locale":"fr_FR","og_type":"article","og_title":"Helena Colom\u00e9 Represa | Digital Marketing Fuerteventura","og_description":"Le c\u0153ur et l'\u00e2me de votre strat\u00e9gie de communication sont les histoires que vous racontez. Je cr\u00e9e des histoires uniques pour vous et je vous enseigne comment les pr\u00e9senter \u00e0 l'appareil photo !","og_url":"https:\/\/digitalmarketingfuerteventura.com\/fr\/a-propos-de-helena","og_site_name":"DIGITAL MARKETING FUERTEVENTURA","article_modified_time":"2024-07-28T23:02:52+00:00","twitter_card":"summary_large_image","twitter_misc":{"Dur\u00e9e de lecture estim\u00e9e":"7 minutes"},"schema":{"@context":"https:\/\/schema.org","@graph":[{"@type":"WebPage","@id":"https:\/\/digitalmarketingfuerteventura.com\/fr\/a-propos-de-helena","url":"https:\/\/digitalmarketingfuerteventura.com\/fr\/a-propos-de-helena","name":"Helena Colom\u00e9 Represa | Digital Marketing Fuerteventura","isPartOf":{"@id":"https:\/\/digitalmarketingfuerteventura.com\/fr#website"},"datePublished":"2024-07-25T22:30:28+00:00","dateModified":"2024-07-28T23:02:52+00:00","description":"Le c\u0153ur et l'\u00e2me de votre strat\u00e9gie de communication sont les histoires que vous racontez. Je cr\u00e9e des histoires uniques pour vous et je vous enseigne comment les pr\u00e9senter \u00e0 l'appareil photo !","inLanguage":"fr-FR","potentialAction":[{"@type":"ReadAction","target":["https:\/\/digitalmarketingfuerteventura.com\/fr\/a-propos-de-helena"]}]},{"@type":"WebSite","@id":"https:\/\/digitalmarketingfuerteventura.com\/fr#website","url":"https:\/\/digitalmarketingfuerteventura.com\/fr","name":"DIGITAL MARKETING FUERTEVENTURA","description":"Agencia de marketing digital en Fuerteventura, Islas Canarias","potentialAction":[{"@type":"SearchAction","target":{"@type":"EntryPoint","urlTemplate":"https:\/\/digitalmarketingfuerteventura.com\/fr?s={search_term_string}"},"query-input":{"@type":"PropertyValueSpecification","valueRequired":true,"valueName":"search_term_string"}}],"inLanguage":"fr-FR"}]}},"_links":{"self":[{"href":"https:\/\/digitalmarketingfuerteventura.com\/fr\/wp-json\/wp\/v2\/pages\/5020","targetHints":{"allow":["GET"]}}],"collection":[{"href":"https:\/\/digitalmarketingfuerteventura.com\/fr\/wp-json\/wp\/v2\/pages"}],"about":[{"href":"https:\/\/digitalmarketingfuerteventura.com\/fr\/wp-json\/wp\/v2\/types\/page"}],"author":[{"embeddable":true,"href":"https:\/\/digitalmarketingfuerteventura.com\/fr\/wp-json\/wp\/v2\/users\/1"}],"replies":[{"embeddable":true,"href":"https:\/\/digitalmarketingfuerteventura.com\/fr\/wp-json\/wp\/v2\/comments?post=5020"}],"version-history":[{"count":2,"href":"https:\/\/digitalmarketingfuerteventura.com\/fr\/wp-json\/wp\/v2\/pages\/5020\/revisions"}],"predecessor-version":[{"id":5022,"href":"https:\/\/digitalmarketingfuerteventura.com\/fr\/wp-json\/wp\/v2\/pages\/5020\/revisions\/5022"}],"wp:attachment":[{"href":"https:\/\/digitalmarketingfuerteventura.com\/fr\/wp-json\/wp\/v2\/media?parent=5020"}],"curies":[{"name":"wp","href":"https:\/\/api.w.org\/{rel}","templated":true}]}}