{"id":4267,"date":"2023-05-24T00:41:16","date_gmt":"2023-05-24T00:41:16","guid":{"rendered":"https:\/\/digitalmarketingfuerteventura.com\/paquet-de-gestion-des-medias-sociaux"},"modified":"2024-07-28T22:32:09","modified_gmt":"2024-07-28T22:32:09","slug":"paquet-de-gestion-des-medias-sociaux","status":"publish","type":"page","link":"https:\/\/digitalmarketingfuerteventura.com\/fr\/paquet-de-gestion-des-medias-sociaux","title":{"rendered":"Paquet de gestion de r\u00e9seaux sociaux"},"content":{"rendered":"<p>[et_pb_section fb_built=\u00a0\u00bb1&Prime; custom_padding_last_edited=\u00a0\u00bbon|phone\u00a0\u00bb _builder_version=\u00a0\u00bb4.21.0&Prime; _module_preset=\u00a0\u00bbdefault\u00a0\u00bb background_color=\u00a0\u00bb#258B97&Prime; background_image=\u00a0\u00bbhttps:\/\/digitalmarketingfuerteventura.com\/wp-content\/uploads\/2023\/05\/ELEMENTOS-DML-13.png\u00a0\u00bb custom_padding=\u00a0\u00bb200px||97px||false|false\u00a0\u00bb custom_padding_tablet=\u00a0\u00bb200px||97px||false|false\u00a0\u00bb custom_padding_phone=\u00a0\u00bb92px||10px||false|false\u00a0\u00bb global_colors_info=\u00a0\u00bb{}\u00a0\u00bb][et_pb_row column_structure=\u00a0\u00bb1_2,1_2&Prime; _builder_version=\u00a0\u00bb4.21.0&Prime; _module_preset=\u00a0\u00bbdefault\u00a0\u00bb global_colors_info=\u00a0\u00bb{}\u00a0\u00bb][et_pb_column type=\u00a0\u00bb1_2&Prime; _builder_version=\u00a0\u00bb4.21.0&Prime; _module_preset=\u00a0\u00bbdefault\u00a0\u00bb global_colors_info=\u00a0\u00bb{}\u00a0\u00bb][et_pb_text _builder_version=\u00a0\u00bb4.21.0&Prime; _module_preset=\u00a0\u00bbdefault\u00a0\u00bb header_font=\u00a0\u00bb|700|||||||\u00a0\u00bb header_text_color=\u00a0\u00bb#FFFFFF\u00a0\u00bb header_font_size=\u00a0\u00bb50px\u00a0\u00bb custom_margin=\u00a0\u00bb||-1px|||\u00a0\u00bb header_font_size_tablet=\u00a0\u00bb40px\u00a0\u00bb header_font_size_phone=\u00a0\u00bb30px\u00a0\u00bb header_font_size_last_edited=\u00a0\u00bbon|phone\u00a0\u00bb global_colors_info=\u00a0\u00bb{}\u00a0\u00bb]<\/p>\n<h1 class=\"vc_custom_heading\">\n<p>NOUS G\u00c9RONS VOS R\u00c9SEAUX SOCIAUX POUR VOUS<\/h1>\n<p>[\/et_pb_text][et_pb_divider color=\u00a0\u00bb#97D2D3&Prime; divider_weight=\u00a0\u00bb3px\u00a0\u00bb _builder_version=\u00a0\u00bb4.21.0&Prime; _module_preset=\u00a0\u00bbdefault\u00a0\u00bb width=\u00a0\u00bb13%\u00a0\u00bb global_colors_info=\u00a0\u00bb{}\u00a0\u00bb][\/et_pb_divider][\/et_pb_column][et_pb_column type=\u00a0\u00bb1_2&Prime; _builder_version=\u00a0\u00bb4.21.0&Prime; _module_preset=\u00a0\u00bbdefault\u00a0\u00bb global_colors_info=\u00a0\u00bb{}\u00a0\u00bb][\/et_pb_column][\/et_pb_row][et_pb_row admin_label=\u00a0\u00bbic\u00f4ne whatsapp\u00a0\u00bb _builder_version=\u00a0\u00bb4.21.0&Prime; _module_preset=\u00a0\u00bbdefault\u00a0\u00bb background_enable_color=\u00a0\u00bboff\u00a0\u00bb positioning=\u00a0\u00bbfixed\u00a0\u00bb position_origin_f=\u00a0\u00bbcenter_right\u00a0\u00bb horizontal_offset=\u00a0\u00bb3px\u00a0\u00bb z_index=\u00a0\u00bb64&Prime; width=\u00a0\u00bb80px\u00a0\u00bb global_colors_info=\u00a0\u00bb{}\u00a0\u00bb theme_builder_area=\u00a0\u00bbpost_content\u00a0\u00bb][et_pb_column type=\u00a0\u00bb4_4&Prime; _builder_version=\u00a0\u00bb4.21.0&Prime; _module_preset=\u00a0\u00bbdefault\u00a0\u00bb global_colors_info=\u00a0\u00bb{}\u00a0\u00bb theme_builder_area=\u00a0\u00bbpost_content\u00a0\u00bb][et_pb_code _builder_version=\u00a0\u00bb4.21.0&Prime; _module_preset=\u00a0\u00bbdefault\u00a0\u00bb link_option_url=\u00a0\u00bbhttps:\/\/wa.link\/spiimm\u00a0\u00bb global_colors_info=\u00a0\u00bb{}\u00a0\u00bb theme_builder_area=\u00a0\u00bbpost_content\u00a0\u00bb]<script src=\"https:\/\/unpkg.com\/@lottiefiles\/lottie-player@latest\/dist\/lottie-player.js\"><\/script><!-- [et_pb_line_break_holder] --><lottie-player src=\"https:\/\/assets9.lottiefiles.com\/private_files\/lf30_jtcwd1c6.json\" background=\"transparent\" speed=\"0.3\" style=\"width: 80px; height: 80px;\" loop=\"\" autoplay=\"\"><\/lottie-player>[\/et_pb_code][\/et_pb_column][\/et_pb_row][\/et_pb_section][et_pb_section fb_built=\u00a0\u00bb1&Prime; _builder_version=\u00a0\u00bb4.21.0&Prime; _module_preset=\u00a0\u00bbdefault\u00a0\u00bb background_color=\u00a0\u00bb#f0f9f8&Prime; custom_padding=\u00a0\u00bb30px||30px||true|false\u00a0\u00bb global_colors_info=\u00a0\u00bb{}\u00a0\u00bb][et_pb_row column_structure=\u00a0\u00bb1_2,1_2&Prime; _builder_version=\u00a0\u00bb4.21.0&Prime; _module_preset=\u00a0\u00bbdefault\u00a0\u00bb custom_padding=\u00a0\u00bb||26px|||\u00a0\u00bb global_colors_info=\u00a0\u00bb{}\u00a0\u00bb][et_pb_column type=\u00a0\u00bb1_2&Prime; _builder_version=\u00a0\u00bb4.21.0&Prime; _module_preset=\u00a0\u00bbdefault\u00a0\u00bb global_colors_info=\u00a0\u00bb{}\u00a0\u00bb][et_pb_text _builder_version=\u00a0\u00bb4.21.0&Prime; _module_preset=\u00a0\u00bbdefault\u00a0\u00bb header_font=\u00a0\u00bb|700||on|||||\u00a0\u00bb header_text_align=\u00a0\u00bbcenter\u00a0\u00bb header_text_color=\u00a0\u00bb#258B97&Prime; header_font_size=\u00a0\u00bb50px\u00a0\u00bb custom_margin=\u00a0\u00bb||4px|||\u00a0\u00bb header_font_size_tablet=\u00a0\u00bb50px\u00a0\u00bb header_font_size_phone=\u00a0\u00bb30px\u00a0\u00bb header_font_size_last_edited=\u00a0\u00bbon|tablet\u00a0\u00bb global_colors_info=\u00a0\u00bb{}\u00a0\u00bb]<\/p>\n<h1 class=\"vc_custom_heading\"><span>QUE POUVONS-NOUS FAIRE POUR VOUS ?<\/span><\/h1>\n<p>[\/et_pb_text][et_pb_accordion open_toggle_text_color=\u00a0\u00bb#FFFFFF\u00a0\u00bb open_toggle_background_color=\u00a0\u00bb#97D2D3&Prime; closed_toggle_background_color=\u00a0\u00bb#97D2D3&Prime; icon_color=\u00a0\u00bb#454445&Prime; module_class=\u00a0\u00bbmy_accordion\u00a0\u00bb _builder_version=\u00a0\u00bb4.21.0&Prime; _module_preset=\u00a0\u00bbdefault\u00a0\u00bb toggle_text_color=\u00a0\u00bb#FFFFFF\u00a0\u00bb toggle_font=\u00a0\u00bbMontserrat||||||||\u00a0\u00bb closed_toggle_font=\u00a0\u00bbMontserrat||||||||\u00a0\u00bb body_font=\u00a0\u00bbMontserrat||||||||\u00a0\u00bb body_text_color=\u00a0\u00bb#FFFFFF\u00a0\u00bb border_radii=\u00a0\u00bbon|18px|18px|18px|18px\u00a0\u00bb global_colors_info=\u00a0\u00bb{}\u00a0\u00bb][et_pb_accordion_item title=\u00a0\u00bbNOUS IDENTIFIONS LES R\u00c9SEAUX SOCIAUX LES PLUS ADAPT\u00c9S \u00c0 VOTRE ENTREPRISE\u00a0\u00bb open=\u00a0\u00bbon\u00a0\u00bb _builder_version=\u00a0\u00bb4.21.0&Prime; _module_preset=\u00a0\u00bbdefault\u00a0\u00bb global_colors_info=\u00a0\u00bb{}\u00a0\u00bb]<\/p>\n<p>Les r\u00e9seaux sociaux peuvent parfois ressembler \u00e0 une chasse au tr\u00e9sor : nous poursuivons tout ce qui brille et tout ce qui est nouveau ! Mais attention, m\u00eame si tous vos clients potentiels sont sur les r\u00e9seaux sociaux, cela ne veut pas dire qu&rsquo;ils sont sur TOUS les r\u00e9seaux. La premi\u00e8re chose \u00e0 faire est donc d&rsquo;identifier les r\u00e9seaux sociaux qui vous permettront d&rsquo;atteindre r\u00e9ellement vos futurs clients.<\/p>\n<p>Le bon sens est primordial si vous souhaitez utiliser les r\u00e9seaux sociaux pour promouvoir votre entreprise : il vaut mieux \u00eatre pr\u00e9sent sur 2 r\u00e9seaux sociaux et \u00eatre actif avec un contenu de qualit\u00e9, que d&rsquo;\u00eatre pr\u00e9sent sur tous les r\u00e9seaux sociaux n&rsquo;importe comment.<\/p>\n<p>Premi\u00e8re \u00e9tape : s&rsquo;arr\u00eater, respirer, analyser et agir (dans cet ordre, s&rsquo;il vous pla\u00eet).<\/p>\n<p>[\/et_pb_accordion_item][et_pb_accordion_item title=\u00a0\u00bbNOUS DYNAMISONS VOS R\u00c9SEAUX SOCIAUX POUR ATTEINDRE PLUS DE CLIENTS POTENTIELS\u00a0\u00bb _builder_version=\u00a0\u00bb4.21.0&Prime; _module_preset=\u00a0\u00bbdefault\u00a0\u00bb global_colors_info=\u00a0\u00bb{}\u00a0\u00bb open=\u00a0\u00bboff\u00a0\u00bb]<\/p>\n<p><span>Avec tout notre amour pour ceux qui croient que la qualit\u00e9 d&rsquo;un r\u00e9seau social se refl\u00e8te uniquement dans le nombre de followers : NOOOOOOOOOOOOOOON !!!! R\u00e9fl\u00e9chissez : pr\u00e9f\u00e9rez-vous avoir des followers&#8230; ou des clients ? Nous nous chargeons de r\u00e9pondre aux commentaires et aux messages priv\u00e9s sur vos r\u00e9seaux sociaux afin de les dynamiser et d&rsquo;attirer des clients qui sont r\u00e9ellement des clients potentiels. Car apr\u00e8s tout, c&rsquo;est pour cela que vous lisez cette page en ce moment, n&rsquo;est-ce pas ?<\/span><\/p>\n<p>[\/et_pb_accordion_item][et_pb_accordion_item title=\u00a0\u00bbNOUS CR\u00c9ONS DU CONTENU QUI IMPACTE POUR COMMUNIQUER AVEC VOS CLIENTS\u00a0\u00bb _builder_version=\u00a0\u00bb4.21.0&Prime; _module_preset=\u00a0\u00bbdefault\u00a0\u00bb global_colors_info=\u00a0\u00bb{}\u00a0\u00bb open=\u00a0\u00bboff\u00a0\u00bb]<\/p>\n<p>Plus de qualit\u00e9 et moins de quantit\u00e9 : nous concevons un contenu sur mesure en fonction de vos objectifs de vente et de votre public cible. Gr\u00e2ce \u00e0 nos forfaits de gestion des m\u00e9dias sociaux avec cr\u00e9ation de photos et de vid\u00e9os, nous nous rendons chaque mois dans votre entreprise pour prendre des photos professionnelles et cr\u00e9er des vid\u00e9os qui attireront l&rsquo;attention de vos futurs clients.<\/p>\n<p>Et que faites-vous dans l&rsquo;intervalle ? Vous vous centrez sur la gestion de votre entreprise et sur le suivi de vos clients. Vous ne pouvez pas \u00eatre partout&#8230; nous sommes donc l\u00e0 pour nous occuper de votre communication en ligne !<\/p>\n<p>[\/et_pb_accordion_item][et_pb_accordion_item title=\u00a0\u00bbNOUS G\u00c9RONS VOS CAMPAGNES PUBLICITAIRES SUR LES R\u00c9SEAUX SOCIAUX\u00a0\u00bb _builder_version=\u00a0\u00bb4.21.0&Prime; _module_preset=\u00a0\u00bbdefault\u00a0\u00bb global_colors_info=\u00a0\u00bb{}\u00a0\u00bb open=\u00a0\u00bboff\u00a0\u00bb]<\/p>\n<p><span>Pourquoi investir dans des campagnes de r\u00e9seaux sociaux ? Parce qu&rsquo;il vous permet de montrer exactement ce que vous voulez \u00e0 qui vous voulez. C&rsquo;est aussi simple que cela. Il existe de nombreux types de campagnes, chacun ayant son propre objectif. Vous avez l&rsquo;impression que c&rsquo;est tr\u00e8s compliqu\u00e9 et vous vous sentez un peu perdu? Ne vous inqui\u00e9tez pas : nous sommes l\u00e0 pour \u00e7a !<\/span><\/p>\n<p>[\/et_pb_accordion_item][\/et_pb_accordion][\/et_pb_column][et_pb_column type=\u00a0\u00bb1_2&Prime; _builder_version=\u00a0\u00bb4.21.0&Prime; _module_preset=\u00a0\u00bbdefault\u00a0\u00bb global_colors_info=\u00a0\u00bb{}\u00a0\u00bb][et_pb_text _builder_version=\u00a0\u00bb4.21.0&Prime; _module_preset=\u00a0\u00bbdefault\u00a0\u00bb header_font=\u00a0\u00bb|700||on|||||\u00a0\u00bb header_text_align=\u00a0\u00bbcenter\u00a0\u00bb header_text_color=\u00a0\u00bb#258B97&Prime; header_font_size=\u00a0\u00bb50px\u00a0\u00bb custom_margin=\u00a0\u00bb||4px|||\u00a0\u00bb header_font_size_tablet=\u00a0\u00bb50px\u00a0\u00bb header_font_size_phone=\u00a0\u00bb30px\u00a0\u00bb header_font_size_last_edited=\u00a0\u00bbon|tablet\u00a0\u00bb locked=\u00a0\u00bboff\u00a0\u00bb global_colors_info=\u00a0\u00bb{}\u00a0\u00bb]<\/p>\n<h1 class=\"vc_custom_heading\"><span>QUELQUES PAGES QUE NOUS G\u00c9RONS&#8230;<\/span><\/h1>\n<p>[\/et_pb_text][et_pb_gallery gallery_ids=\u00a0\u00bb4107,4101,4099,4103,4105,4097&Prime; fullwidth=\u00a0\u00bbon\u00a0\u00bb _builder_version=\u00a0\u00bb4.21.0&Prime; _module_preset=\u00a0\u00bbdefault\u00a0\u00bb auto=\u00a0\u00bbon\u00a0\u00bb auto_speed=\u00a0\u00bb4000&Prime; global_colors_info=\u00a0\u00bb{}\u00a0\u00bb][\/et_pb_gallery][\/et_pb_column][\/et_pb_row][et_pb_row _builder_version=\u00a0\u00bb4.21.0&Prime; _module_preset=\u00a0\u00bbdefault\u00a0\u00bb global_colors_info=\u00a0\u00bb{}\u00a0\u00bb][et_pb_column type=\u00a0\u00bb4_4&Prime; _builder_version=\u00a0\u00bb4.21.0&Prime; _module_preset=\u00a0\u00bbdefault\u00a0\u00bb global_colors_info=\u00a0\u00bb{}\u00a0\u00bb][et_pb_button button_url=\u00a0\u00bb@ET-DC@eyJkeW5hbWljIjp0cnVlLCJjb250ZW50IjoicG9zdF9saW5rX3VybF9wYWdlIiwic2V0dGluZ3MiOnsicG9zdF9pZCI6IjIxIn19@\u00a0\u00bb button_text=\u00a0\u00bbDEMANDEZ-NOUS PLUS D&#039;INFORMATIONS\u00a0\u00bb button_alignment=\u00a0\u00bbcenter\u00a0\u00bb button_alignment_tablet=\u00a0\u00bbright\u00a0\u00bb button_alignment_phone=\u00a0\u00bbcenter\u00a0\u00bb button_alignment_last_edited=\u00a0\u00bbon|phone\u00a0\u00bb _builder_version=\u00a0\u00bb4.21.0&Prime; _dynamic_attributes=\u00a0\u00bbbutton_url\u00a0\u00bb _module_preset=\u00a0\u00bbdefault\u00a0\u00bb custom_button=\u00a0\u00bbon\u00a0\u00bb button_text_color=\u00a0\u00bb#FFFFFF\u00a0\u00bb button_bg_color=\u00a0\u00bb#1DB5B5&Prime; button_border_radius=\u00a0\u00bb84px\u00a0\u00bb button_font=\u00a0\u00bbMontserrat||||||||\u00a0\u00bb custom_margin=\u00a0\u00bb||22px|||\u00a0\u00bb custom_padding=\u00a0\u00bb10px|30px|10px|30px|true|true\u00a0\u00bb global_colors_info=\u00a0\u00bb{}\u00a0\u00bb][\/et_pb_button][\/et_pb_column][\/et_pb_row][\/et_pb_section]<\/p>\n","protected":false},"excerpt":{"rendered":"<p>NOUS G\u00c9RONS VOS R\u00c9SEAUX SOCIAUX POUR VOUSQUE POUVONS-NOUS FAIRE POUR VOUS ?Les r\u00e9seaux sociaux peuvent parfois ressembler \u00e0 une chasse au tr\u00e9sor : nous poursuivons tout ce qui brille et tout ce qui est nouveau ! Mais attention, m\u00eame si tous vos clients potentiels sont sur les r\u00e9seaux sociaux, cela ne veut pas dire qu&rsquo;ils [&hellip;]<\/p>\n","protected":false},"author":2,"featured_media":3379,"parent":0,"menu_order":0,"comment_status":"closed","ping_status":"closed","template":"","meta":{"_et_pb_use_builder":"on","_et_pb_old_content":"","_et_gb_content_width":"","footnotes":""},"class_list":["post-4267","page","type-page","status-publish","has-post-thumbnail","hentry"],"yoast_head":"<!-- This site is optimized with the Yoast SEO plugin v26.7 - https:\/\/yoast.com\/wordpress\/plugins\/seo\/ -->\n<title>Nous g\u00e9rons vos m\u00e9dias sociaux pour vous | Digital Marketing Fuerteventura<\/title>\n<meta name=\"description\" content=\"D\u00e9couvrez nos forfaits gestion de r\u00e9seau + vid\u00e9o professionnelle. Parce que vous n&#039;avez pas le temps d&#039;entretenir vos filets, laissez-nous nous en charger !\" \/>\n<meta name=\"robots\" content=\"index, follow, max-snippet:-1, max-image-preview:large, max-video-preview:-1\" \/>\n<link rel=\"canonical\" href=\"https:\/\/digitalmarketingfuerteventura.com\/fr\/paquet-de-gestion-des-medias-sociaux\" \/>\n<meta property=\"og:locale\" content=\"fr_FR\" \/>\n<meta property=\"og:type\" content=\"article\" \/>\n<meta property=\"og:title\" content=\"Nous g\u00e9rons vos m\u00e9dias sociaux pour vous | Digital Marketing Fuerteventura\" \/>\n<meta property=\"og:description\" content=\"D\u00e9couvrez nos forfaits gestion de r\u00e9seau + vid\u00e9o professionnelle. Parce que vous n&#039;avez pas le temps d&#039;entretenir vos filets, laissez-nous nous en charger !\" \/>\n<meta property=\"og:url\" content=\"https:\/\/digitalmarketingfuerteventura.com\/fr\/paquet-de-gestion-des-medias-sociaux\" \/>\n<meta property=\"og:site_name\" content=\"DIGITAL MARKETING FUERTEVENTURA\" \/>\n<meta property=\"article:modified_time\" content=\"2024-07-28T22:32:09+00:00\" \/>\n<meta property=\"og:image\" content=\"https:\/\/digitalmarketingfuerteventura.com\/wp-content\/uploads\/2023\/05\/GESTION-DE-REDES-SOCIALES.jpg\" \/>\n\t<meta property=\"og:image:width\" content=\"700\" \/>\n\t<meta property=\"og:image:height\" content=\"700\" \/>\n\t<meta property=\"og:image:type\" content=\"image\/jpeg\" \/>\n<meta name=\"twitter:card\" content=\"summary_large_image\" \/>\n<meta name=\"twitter:label1\" content=\"Dur\u00e9e de lecture estim\u00e9e\" \/>\n\t<meta name=\"twitter:data1\" content=\"6 minutes\" \/>\n<script type=\"application\/ld+json\" class=\"yoast-schema-graph\">{\"@context\":\"https:\/\/schema.org\",\"@graph\":[{\"@type\":\"WebPage\",\"@id\":\"https:\/\/digitalmarketingfuerteventura.com\/fr\/paquet-de-gestion-des-medias-sociaux\",\"url\":\"https:\/\/digitalmarketingfuerteventura.com\/fr\/paquet-de-gestion-des-medias-sociaux\",\"name\":\"Nous g\u00e9rons vos m\u00e9dias sociaux pour vous | Digital Marketing Fuerteventura\",\"isPartOf\":{\"@id\":\"https:\/\/digitalmarketingfuerteventura.com\/fr#website\"},\"primaryImageOfPage\":{\"@id\":\"https:\/\/digitalmarketingfuerteventura.com\/fr\/paquet-de-gestion-des-medias-sociaux#primaryimage\"},\"image\":{\"@id\":\"https:\/\/digitalmarketingfuerteventura.com\/fr\/paquet-de-gestion-des-medias-sociaux#primaryimage\"},\"thumbnailUrl\":\"https:\/\/digitalmarketingfuerteventura.com\/wp-content\/uploads\/2023\/05\/GESTION-DE-REDES-SOCIALES.jpg\",\"datePublished\":\"2023-05-24T00:41:16+00:00\",\"dateModified\":\"2024-07-28T22:32:09+00:00\",\"description\":\"D\u00e9couvrez nos forfaits gestion de r\u00e9seau + vid\u00e9o professionnelle. Parce que vous n'avez pas le temps d'entretenir vos filets, laissez-nous nous en charger !\",\"inLanguage\":\"fr-FR\",\"potentialAction\":[{\"@type\":\"ReadAction\",\"target\":[\"https:\/\/digitalmarketingfuerteventura.com\/fr\/paquet-de-gestion-des-medias-sociaux\"]}]},{\"@type\":\"ImageObject\",\"inLanguage\":\"fr-FR\",\"@id\":\"https:\/\/digitalmarketingfuerteventura.com\/fr\/paquet-de-gestion-des-medias-sociaux#primaryimage\",\"url\":\"https:\/\/digitalmarketingfuerteventura.com\/wp-content\/uploads\/2023\/05\/GESTION-DE-REDES-SOCIALES.jpg\",\"contentUrl\":\"https:\/\/digitalmarketingfuerteventura.com\/wp-content\/uploads\/2023\/05\/GESTION-DE-REDES-SOCIALES.jpg\",\"width\":700,\"height\":700},{\"@type\":\"WebSite\",\"@id\":\"https:\/\/digitalmarketingfuerteventura.com\/fr#website\",\"url\":\"https:\/\/digitalmarketingfuerteventura.com\/fr\",\"name\":\"DIGITAL MARKETING FUERTEVENTURA\",\"description\":\"Agencia de marketing digital en Fuerteventura, Islas Canarias\",\"potentialAction\":[{\"@type\":\"SearchAction\",\"target\":{\"@type\":\"EntryPoint\",\"urlTemplate\":\"https:\/\/digitalmarketingfuerteventura.com\/fr?s={search_term_string}\"},\"query-input\":{\"@type\":\"PropertyValueSpecification\",\"valueRequired\":true,\"valueName\":\"search_term_string\"}}],\"inLanguage\":\"fr-FR\"}]}<\/script>\n<!-- \/ Yoast SEO plugin. -->","yoast_head_json":{"title":"Nous g\u00e9rons vos m\u00e9dias sociaux pour vous | Digital Marketing Fuerteventura","description":"D\u00e9couvrez nos forfaits gestion de r\u00e9seau + vid\u00e9o professionnelle. Parce que vous n'avez pas le temps d'entretenir vos filets, laissez-nous nous en charger !","robots":{"index":"index","follow":"follow","max-snippet":"max-snippet:-1","max-image-preview":"max-image-preview:large","max-video-preview":"max-video-preview:-1"},"canonical":"https:\/\/digitalmarketingfuerteventura.com\/fr\/paquet-de-gestion-des-medias-sociaux","og_locale":"fr_FR","og_type":"article","og_title":"Nous g\u00e9rons vos m\u00e9dias sociaux pour vous | Digital Marketing Fuerteventura","og_description":"D\u00e9couvrez nos forfaits gestion de r\u00e9seau + vid\u00e9o professionnelle. Parce que vous n'avez pas le temps d'entretenir vos filets, laissez-nous nous en charger !","og_url":"https:\/\/digitalmarketingfuerteventura.com\/fr\/paquet-de-gestion-des-medias-sociaux","og_site_name":"DIGITAL MARKETING FUERTEVENTURA","article_modified_time":"2024-07-28T22:32:09+00:00","og_image":[{"width":700,"height":700,"url":"https:\/\/digitalmarketingfuerteventura.com\/wp-content\/uploads\/2023\/05\/GESTION-DE-REDES-SOCIALES.jpg","type":"image\/jpeg"}],"twitter_card":"summary_large_image","twitter_misc":{"Dur\u00e9e de lecture estim\u00e9e":"6 minutes"},"schema":{"@context":"https:\/\/schema.org","@graph":[{"@type":"WebPage","@id":"https:\/\/digitalmarketingfuerteventura.com\/fr\/paquet-de-gestion-des-medias-sociaux","url":"https:\/\/digitalmarketingfuerteventura.com\/fr\/paquet-de-gestion-des-medias-sociaux","name":"Nous g\u00e9rons vos m\u00e9dias sociaux pour vous | Digital Marketing Fuerteventura","isPartOf":{"@id":"https:\/\/digitalmarketingfuerteventura.com\/fr#website"},"primaryImageOfPage":{"@id":"https:\/\/digitalmarketingfuerteventura.com\/fr\/paquet-de-gestion-des-medias-sociaux#primaryimage"},"image":{"@id":"https:\/\/digitalmarketingfuerteventura.com\/fr\/paquet-de-gestion-des-medias-sociaux#primaryimage"},"thumbnailUrl":"https:\/\/digitalmarketingfuerteventura.com\/wp-content\/uploads\/2023\/05\/GESTION-DE-REDES-SOCIALES.jpg","datePublished":"2023-05-24T00:41:16+00:00","dateModified":"2024-07-28T22:32:09+00:00","description":"D\u00e9couvrez nos forfaits gestion de r\u00e9seau + vid\u00e9o professionnelle. Parce que vous n'avez pas le temps d'entretenir vos filets, laissez-nous nous en charger !","inLanguage":"fr-FR","potentialAction":[{"@type":"ReadAction","target":["https:\/\/digitalmarketingfuerteventura.com\/fr\/paquet-de-gestion-des-medias-sociaux"]}]},{"@type":"ImageObject","inLanguage":"fr-FR","@id":"https:\/\/digitalmarketingfuerteventura.com\/fr\/paquet-de-gestion-des-medias-sociaux#primaryimage","url":"https:\/\/digitalmarketingfuerteventura.com\/wp-content\/uploads\/2023\/05\/GESTION-DE-REDES-SOCIALES.jpg","contentUrl":"https:\/\/digitalmarketingfuerteventura.com\/wp-content\/uploads\/2023\/05\/GESTION-DE-REDES-SOCIALES.jpg","width":700,"height":700},{"@type":"WebSite","@id":"https:\/\/digitalmarketingfuerteventura.com\/fr#website","url":"https:\/\/digitalmarketingfuerteventura.com\/fr","name":"DIGITAL MARKETING FUERTEVENTURA","description":"Agencia de marketing digital en Fuerteventura, Islas Canarias","potentialAction":[{"@type":"SearchAction","target":{"@type":"EntryPoint","urlTemplate":"https:\/\/digitalmarketingfuerteventura.com\/fr?s={search_term_string}"},"query-input":{"@type":"PropertyValueSpecification","valueRequired":true,"valueName":"search_term_string"}}],"inLanguage":"fr-FR"}]}},"_links":{"self":[{"href":"https:\/\/digitalmarketingfuerteventura.com\/fr\/wp-json\/wp\/v2\/pages\/4267","targetHints":{"allow":["GET"]}}],"collection":[{"href":"https:\/\/digitalmarketingfuerteventura.com\/fr\/wp-json\/wp\/v2\/pages"}],"about":[{"href":"https:\/\/digitalmarketingfuerteventura.com\/fr\/wp-json\/wp\/v2\/types\/page"}],"author":[{"embeddable":true,"href":"https:\/\/digitalmarketingfuerteventura.com\/fr\/wp-json\/wp\/v2\/users\/2"}],"replies":[{"embeddable":true,"href":"https:\/\/digitalmarketingfuerteventura.com\/fr\/wp-json\/wp\/v2\/comments?post=4267"}],"version-history":[{"count":8,"href":"https:\/\/digitalmarketingfuerteventura.com\/fr\/wp-json\/wp\/v2\/pages\/4267\/revisions"}],"predecessor-version":[{"id":4946,"href":"https:\/\/digitalmarketingfuerteventura.com\/fr\/wp-json\/wp\/v2\/pages\/4267\/revisions\/4946"}],"wp:featuredmedia":[{"embeddable":true,"href":"https:\/\/digitalmarketingfuerteventura.com\/fr\/wp-json\/wp\/v2\/media\/3379"}],"wp:attachment":[{"href":"https:\/\/digitalmarketingfuerteventura.com\/fr\/wp-json\/wp\/v2\/media?parent=4267"}],"curies":[{"name":"wp","href":"https:\/\/api.w.org\/{rel}","templated":true}]}}