{"id":4235,"date":"2023-05-24T16:03:30","date_gmt":"2023-05-24T16:03:30","guid":{"rendered":"https:\/\/digitalmarketingfuerteventura.com\/avis-juridique"},"modified":"2023-06-22T12:14:35","modified_gmt":"2023-06-22T12:14:35","slug":"avis-juridique","status":"publish","type":"page","link":"https:\/\/digitalmarketingfuerteventura.com\/fr\/avis-juridique","title":{"rendered":"avis juridique"},"content":{"rendered":"<p>[et_pb_section fb_built=\u00a0\u00bb1&Prime; fullwidth=\u00a0\u00bbon\u00a0\u00bb _builder_version=\u00a0\u00bb4.21.0&Prime; _module_preset=\u00a0\u00bbdefault\u00a0\u00bb global_colors_info=\u00a0\u00bb{}\u00a0\u00bb theme_builder_area=\u00a0\u00bbpost_content\u00a0\u00bb][et_pb_fullwidth_image src=\u00a0\u00bbhttps:\/\/digitalmarketingfuerteventura.com\/wp-content\/uploads\/2023\/05\/bg2.jpg\u00a0\u00bb title_text=\u00a0\u00bbbg2&Prime; _builder_version=\u00a0\u00bb4.21.0&Prime; _module_preset=\u00a0\u00bbdefault\u00a0\u00bb global_colors_info=\u00a0\u00bb{}\u00a0\u00bb theme_builder_area=\u00a0\u00bbpost_content\u00a0\u00bb][\/et_pb_fullwidth_image][\/et_pb_section][et_pb_section fb_built=\u00a0\u00bb1&Prime; _builder_version=\u00a0\u00bb4.21.0&Prime; _module_preset=\u00a0\u00bbdefault\u00a0\u00bb background_image=\u00a0\u00bbhttps:\/\/digitalmarketingfuerteventura.com\/wp-content\/uploads\/2023\/05\/bg.jpg\u00a0\u00bb background_size=\u00a0\u00bbcontain\u00a0\u00bb background_position=\u00a0\u00bbtop_left\u00a0\u00bb custom_padding=\u00a0\u00bb0px||43px|||\u00a0\u00bb global_colors_info=\u00a0\u00bb{}\u00a0\u00bb theme_builder_area=\u00a0\u00bbpost_content\u00a0\u00bb][et_pb_row custom_padding_last_edited=\u00a0\u00bbon|phone\u00a0\u00bb _builder_version=\u00a0\u00bb4.21.0&Prime; _module_preset=\u00a0\u00bbdefault\u00a0\u00bb max_width=\u00a0\u00bb100%\u00a0\u00bb custom_padding=\u00a0\u00bb179px|||||\u00a0\u00bb custom_padding_tablet=\u00a0\u00bb100px||0px||false|false\u00a0\u00bb custom_padding_phone=\u00a0\u00bb50px||||false|false\u00a0\u00bb global_colors_info=\u00a0\u00bb{}\u00a0\u00bb theme_builder_area=\u00a0\u00bbpost_content\u00a0\u00bb][et_pb_column type=\u00a0\u00bb4_4&Prime; _builder_version=\u00a0\u00bb4.21.0&Prime; _module_preset=\u00a0\u00bbdefault\u00a0\u00bb global_colors_info=\u00a0\u00bb{}\u00a0\u00bb theme_builder_area=\u00a0\u00bbpost_content\u00a0\u00bb][et_pb_text _builder_version=\u00a0\u00bb4.21.0&Prime; _module_preset=\u00a0\u00bbdefault\u00a0\u00bb header_font=\u00a0\u00bb|300|||||||\u00a0\u00bb header_text_color=\u00a0\u00bb#389EAB\u00a0\u00bb header_font_size=\u00a0\u00bb50px\u00a0\u00bb hover_enabled=\u00a0\u00bb0&Prime; header_font_size_tablet=\u00a0\u00bb40px\u00a0\u00bb header_font_size_phone=\u00a0\u00bb30px\u00a0\u00bb header_font_size_last_edited=\u00a0\u00bbon|phone\u00a0\u00bb global_colors_info=\u00a0\u00bb{}\u00a0\u00bb theme_builder_area=\u00a0\u00bbpost_content\u00a0\u00bb sticky_enabled=\u00a0\u00bb0&Prime;]<\/p>\n<h1 class=\"vc_custom_heading\"><strong>AVIS JURIDIQUE<\/h1>\n<p>[\/et_pb_text][\/et_pb_column][\/et_pb_row][et_pb_row _builder_version=\u00a0\u00bb4.21.0&Prime; _module_preset=\u00a0\u00bbdefault\u00a0\u00bb max_width=\u00a0\u00bb100%\u00a0\u00bb global_colors_info=\u00a0\u00bb{}\u00a0\u00bb theme_builder_area=\u00a0\u00bbpost_content\u00a0\u00bb][et_pb_column type=\u00a0\u00bb4_4&Prime; _builder_version=\u00a0\u00bb4.21.0&Prime; _module_preset=\u00a0\u00bbdefault\u00a0\u00bb global_colors_info=\u00a0\u00bb{}\u00a0\u00bb theme_builder_area=\u00a0\u00bbpost_content\u00a0\u00bb][et_pb_text _builder_version=\u00a0\u00bb4.21.0&Prime; _module_preset=\u00a0\u00bbdefault\u00a0\u00bb text_font=\u00a0\u00bbgotham light|300|||||||\u00a0\u00bb text_font_size=\u00a0\u00bb18px\u00a0\u00bb link_font=\u00a0\u00bb||||||||\u00a0\u00bb link_text_color=\u00a0\u00bb#454445&Prime; hover_enabled=\u00a0\u00bb0&Prime; text_font_size_tablet=\u00a0\u00bb16px\u00a0\u00bb text_font_size_phone=\u00a0\u00bb14px\u00a0\u00bb text_font_size_last_edited=\u00a0\u00bbon|phone\u00a0\u00bb global_colors_info=\u00a0\u00bb{}\u00a0\u00bb theme_builder_area=\u00a0\u00bbpost_content\u00a0\u00bb sticky_enabled=\u00a0\u00bb0&Prime;]<\/p>\n<p><span>1.- Ce site web est la propri\u00e9t\u00e9 de Gladys Becerra Torlay, fondatrice et directrice de Digital Marketing Lanzarote (ci-apr\u00e8s, la SOCI\u00c9T\u00c9).<\/span><br \/><span>NUM\u00c9RO DE TVA : 08170183P<\/span><br \/><span>Si\u00e8ge social : Carretera T\u00edas a M\u00e1cher 124, 35571 M\u00e1cher &#8211; Lanzarote &#8211; Espagne<\/span><br \/><span>Contact : Gladys Becerra, Directrice.<\/span><br \/><span>Adresse \u00e9lectronique : gb@digitalmarketinglanzarote.com<\/span><br \/><span>2.- L&rsquo;utilisation de ce site web attribue la condition d&rsquo;Utilisateur \u00e0 la personne qui le fait et implique l&rsquo;acceptation de toutes les conditions incluses dans le pr\u00e9sent avis juridique. L&rsquo;utilisateur doit lire ces conditions chaque fois qu&rsquo;il acc\u00e8de \u00e0 ce site web, car elles peuvent \u00eatre modifi\u00e9es \u00e0 l&rsquo;avenir. Certains aspects de ce site Web, en raison de leur sp\u00e9cificit\u00e9, peuvent \u00eatre soumis \u00e0 des conditions ou r\u00e8gles particuli\u00e8res qui peuvent remplacer, compl\u00e9ter ou modifier le pr\u00e9sent avis juridique, et doivent donc \u00eatre \u00e9galement accept\u00e9es par l&rsquo;utilisateur qui les utilise ou y acc\u00e8de.<\/span><br \/><span>3.- Tout le contenu de ce site web (textes, photographies, graphiques, images, technologie, logiciels, liens, contenu audiovisuel ou sonore, conception graphique, code source, etc.), ainsi que les marques et autres signes distinctifs sont la propri\u00e9t\u00e9 de l&rsquo;ENTREPRISE ou de tiers, et l&rsquo;Utilisateur n&rsquo;acquiert aucun droit sur ceux-ci par la simple utilisation de ce site web.<\/span><br \/><span>L&rsquo;utilisateur s&rsquo;abstient de : a) reproduire, copier, distribuer, mettre \u00e0 la disposition de tiers, communiquer publiquement, transformer ou modifier le contenu de ce site web, sauf dans les cas pr\u00e9vus par la loi ou express\u00e9ment autoris\u00e9s par la SOCIETE ou par le titulaire desdits droits ; b) reproduire ou copier pour un usage priv\u00e9 les logiciels, images, vid\u00e9os ou bases de donn\u00e9es de ce site, ainsi que les communiquer publiquement ou les mettre \u00e0 la disposition de tiers lorsque cela implique leur reproduction ; c) extraire ou r\u00e9utiliser le contenu de ce site web.<\/span><br \/><span>4.- Les utilisateurs qui souhaitent introduire des liens vers ce site web \u00e0 partir de leurs propres pages web sont tenus de respecter les conditions suivantes : (a) le lien ne renvoie qu&rsquo;\u00e0 la page d&rsquo;accueil et ne peut la reproduire sous quelque forme que ce soit ; b) il est interdit d&rsquo;\u00e9tablir des cadres ou des trames de quelque nature que ce soit qui entourent le Web ou qui permettent de le visualiser par le biais de diff\u00e9rentes adresses Internet ou conjointement avec un contenu ext\u00e9rieur \u00e0 ce Web, de telle sorte que cela produise, ou puisse produire, une erreur ou une confusion chez les utilisateurs quant \u00e0 l&rsquo;origine du service ou de son contenu, implique un acte de comparaison d\u00e9loyale ou d&rsquo;imitation, serve \u00e0 tirer profit de la r\u00e9putation, de la marque et du prestige de la SOCI\u00c9T\u00c9 ou soit fait de toute autre mani\u00e8re qui soit interdite par la loi ; c) aucune d\u00e9claration fausse ou inexacte sur la SOCIETE ou sur la qualit\u00e9 de ses produits et services ne peut \u00eatre faite \u00e0 partir de la page qui \u00e9tablit le lien ; d) L&rsquo;exp\u00e9diteur ne peut pas utiliser la marque ou tout autre signe distinctif de l&rsquo;ENTREPRISE dans sa page Web, sauf dans les cas autoris\u00e9s par la loi ou express\u00e9ment autoris\u00e9s par l&rsquo;ENTREPRISE ; e) la page qui \u00e9tablit le lien doit respecter la l\u00e9gislation en vigueur et ne peut pas avoir ou \u00e9tablir un lien avec un contenu illicite, nuisible, contraire \u00e0 la morale et aux bonnes coutumes, qui produit ou peut produire la fausse id\u00e9e que l&rsquo;ENTREPRISE approuve ou soutient les id\u00e9es, les d\u00e9clarations ou les actions de l&rsquo;exp\u00e9diteur ou qui sont inappropri\u00e9es par rapport \u00e0 l&rsquo;activit\u00e9 men\u00e9e par l&rsquo;ENTREPRISE, en tenant compte du contenu et du sujet g\u00e9n\u00e9ral de la page web o\u00f9 le lien est \u00e9tabli.<\/span><br \/><span>5.- L&rsquo;ENTREPRISE n&rsquo;est pas responsable de la v\u00e9rification de l&rsquo;absence de programmes malveillants ou de tout autre \u00e9l\u00e9ment informatique nuisible sur ce site web. Il appartient \u00e0 l&rsquo;utilisateur, dans tous les cas, de disposer d&rsquo;outils ad\u00e9quats pour la d\u00e9tection et la d\u00e9sinfection de ces \u00e9l\u00e9ments. En cons\u00e9quence, l&rsquo;ENTREPRISE d\u00e9cline toute responsabilit\u00e9 en cas de dommages caus\u00e9s aux \u00e9quipements informatiques lors de l&rsquo;acc\u00e8s \u00e0 ce site web. De m\u00eame, l&rsquo;ENTREPRISE ne sera pas responsable des dommages caus\u00e9s aux Utilisateurs lorsque ces dommages proviennent de d\u00e9faillances ou de d\u00e9connexions dans les r\u00e9seaux de t\u00e9l\u00e9communications qui interrompent le service de ce Site Internet.<\/span><br \/><span>6.- Ce site peut contenir des liens qui permettent \u00e0 l&rsquo;utilisateur d&rsquo;acc\u00e9der \u00e0 d&rsquo;autres pages Internet. Dans ces cas, l&rsquo;ENTREPRISE n&rsquo;est responsable du contenu et des services fournis par le biais des liens qu&rsquo;\u00e0 partir du moment o\u00f9 elle a connaissance de leur caract\u00e8re illicite et qu&rsquo;elle ne les a pas d\u00e9sactiv\u00e9s avec diligence. Si un Utilisateur consid\u00e8re qu?il y a un lien avec un contenu illicite ou inappropri\u00e9, il\/elle peut l?indiquer \u00e0 l ? L&rsquo;ENTREPRISE n&rsquo;est pas toujours au courant du contenu et des services des liens et n&rsquo;est donc pas responsable des dommages r\u00e9sultant de leur manque de qualit\u00e9, de leur caract\u00e8re obsol\u00e8te, de leur indisponibilit\u00e9, de leur erreur, de leur inutilit\u00e9 ou de leur ill\u00e9galit\u00e9 et n&rsquo;est pas responsable des d\u00e9clarations faites ou du contenu ou des services fournis par leur interm\u00e9diaire, \u00e0 moins qu&rsquo;elle ne soit directement responsable de la fourniture de ces services.<\/span><br \/><span>7.- L&rsquo;utilisateur s&rsquo;engage \u00e0 faire un usage correct de ce site Web conform\u00e9ment \u00e0 la loi, au pr\u00e9sent avis juridique et aux autres conditions, r\u00e8glements et instructions qui, le cas \u00e9ch\u00e9ant, peuvent \u00eatre applicables. L&rsquo;Utilisateur est responsable \u00e0 l&rsquo;\u00e9gard de l&rsquo;ENTREPRISE et des tiers de tout dommage qui pourrait \u00eatre caus\u00e9 par le non-respect de ces obligations.<\/span><br \/><span>8.- Le pr\u00e9sent avis juridique est enti\u00e8rement r\u00e9gi par la l\u00e9gislation espagnole. Pour la r\u00e9solution de tout conflit relatif \u00e0 l&rsquo;interpr\u00e9tation ou \u00e0 l&rsquo;application de ces mentions l\u00e9gales, l&rsquo;Utilisateur se soumet express\u00e9ment \u00e0 la juridiction des tribunaux du domicile de l&rsquo;ENTREPRISE\u00a0\u00bb.<\/span><\/p>\n<p>[\/et_pb_text][\/et_pb_column][\/et_pb_row][\/et_pb_section]<\/p>\n","protected":false},"excerpt":{"rendered":"<p>AVIS JURIDIQUE1.- Ce site web est la propri\u00e9t\u00e9 de Gladys Becerra Torlay, fondatrice et directrice de Digital Marketing Lanzarote (ci-apr\u00e8s, la SOCI\u00c9T\u00c9).NUM\u00c9RO DE TVA : 08170183PSi\u00e8ge social : Carretera T\u00edas a M\u00e1cher 124, 35571 M\u00e1cher &#8211; Lanzarote &#8211; EspagneContact : Gladys Becerra, Directrice.Adresse \u00e9lectronique : gb@digitalmarketinglanzarote.com2.- L&rsquo;utilisation de ce site web attribue la condition d&rsquo;Utilisateur [&hellip;]<\/p>\n","protected":false},"author":2,"featured_media":0,"parent":0,"menu_order":0,"comment_status":"closed","ping_status":"closed","template":"","meta":{"_et_pb_use_builder":"on","_et_pb_old_content":"","_et_gb_content_width":"","footnotes":""},"class_list":["post-4235","page","type-page","status-publish","hentry"],"yoast_head":"<!-- This site is optimized with the Yoast SEO plugin v26.7 - https:\/\/yoast.com\/wordpress\/plugins\/seo\/ -->\n<title>avis juridique - DIGITAL MARKETING FUERTEVENTURA<\/title>\n<meta name=\"robots\" content=\"index, follow, max-snippet:-1, max-image-preview:large, max-video-preview:-1\" \/>\n<link rel=\"canonical\" href=\"https:\/\/digitalmarketingfuerteventura.com\/fr\/avis-juridique\" \/>\n<meta property=\"og:locale\" content=\"fr_FR\" \/>\n<meta property=\"og:type\" content=\"article\" \/>\n<meta property=\"og:title\" content=\"avis juridique - DIGITAL MARKETING FUERTEVENTURA\" \/>\n<meta property=\"og:description\" content=\"AVIS JURIDIQUE1.- Ce site web est la propri\u00e9t\u00e9 de Gladys Becerra Torlay, fondatrice et directrice de Digital Marketing Lanzarote (ci-apr\u00e8s, la SOCI\u00c9T\u00c9).NUM\u00c9RO DE TVA : 08170183PSi\u00e8ge social : Carretera T\u00edas a M\u00e1cher 124, 35571 M\u00e1cher - Lanzarote - EspagneContact : Gladys Becerra, Directrice.Adresse \u00e9lectronique : gb@digitalmarketinglanzarote.com2.- L&#039;utilisation de ce site web attribue la condition d&#039;Utilisateur [&hellip;]\" \/>\n<meta property=\"og:url\" content=\"https:\/\/digitalmarketingfuerteventura.com\/fr\/avis-juridique\" \/>\n<meta property=\"og:site_name\" content=\"DIGITAL MARKETING FUERTEVENTURA\" \/>\n<meta property=\"article:modified_time\" content=\"2023-06-22T12:14:35+00:00\" \/>\n<meta name=\"twitter:card\" content=\"summary_large_image\" \/>\n<meta name=\"twitter:label1\" content=\"Dur\u00e9e de lecture estim\u00e9e\" \/>\n\t<meta name=\"twitter:data1\" content=\"6 minutes\" \/>\n<script type=\"application\/ld+json\" class=\"yoast-schema-graph\">{\"@context\":\"https:\/\/schema.org\",\"@graph\":[{\"@type\":\"WebPage\",\"@id\":\"https:\/\/digitalmarketingfuerteventura.com\/fr\/avis-juridique\",\"url\":\"https:\/\/digitalmarketingfuerteventura.com\/fr\/avis-juridique\",\"name\":\"avis juridique - DIGITAL MARKETING FUERTEVENTURA\",\"isPartOf\":{\"@id\":\"https:\/\/digitalmarketingfuerteventura.com\/fr#website\"},\"datePublished\":\"2023-05-24T16:03:30+00:00\",\"dateModified\":\"2023-06-22T12:14:35+00:00\",\"inLanguage\":\"fr-FR\",\"potentialAction\":[{\"@type\":\"ReadAction\",\"target\":[\"https:\/\/digitalmarketingfuerteventura.com\/fr\/avis-juridique\"]}]},{\"@type\":\"WebSite\",\"@id\":\"https:\/\/digitalmarketingfuerteventura.com\/fr#website\",\"url\":\"https:\/\/digitalmarketingfuerteventura.com\/fr\",\"name\":\"DIGITAL MARKETING FUERTEVENTURA\",\"description\":\"Agencia de marketing digital en Fuerteventura, Islas Canarias\",\"potentialAction\":[{\"@type\":\"SearchAction\",\"target\":{\"@type\":\"EntryPoint\",\"urlTemplate\":\"https:\/\/digitalmarketingfuerteventura.com\/fr?s={search_term_string}\"},\"query-input\":{\"@type\":\"PropertyValueSpecification\",\"valueRequired\":true,\"valueName\":\"search_term_string\"}}],\"inLanguage\":\"fr-FR\"}]}<\/script>\n<!-- \/ Yoast SEO plugin. -->","yoast_head_json":{"title":"avis juridique - DIGITAL MARKETING FUERTEVENTURA","robots":{"index":"index","follow":"follow","max-snippet":"max-snippet:-1","max-image-preview":"max-image-preview:large","max-video-preview":"max-video-preview:-1"},"canonical":"https:\/\/digitalmarketingfuerteventura.com\/fr\/avis-juridique","og_locale":"fr_FR","og_type":"article","og_title":"avis juridique - DIGITAL MARKETING FUERTEVENTURA","og_description":"AVIS JURIDIQUE1.- Ce site web est la propri\u00e9t\u00e9 de Gladys Becerra Torlay, fondatrice et directrice de Digital Marketing Lanzarote (ci-apr\u00e8s, la SOCI\u00c9T\u00c9).NUM\u00c9RO DE TVA : 08170183PSi\u00e8ge social : Carretera T\u00edas a M\u00e1cher 124, 35571 M\u00e1cher - Lanzarote - EspagneContact : Gladys Becerra, Directrice.Adresse \u00e9lectronique : gb@digitalmarketinglanzarote.com2.- L'utilisation de ce site web attribue la condition d'Utilisateur [&hellip;]","og_url":"https:\/\/digitalmarketingfuerteventura.com\/fr\/avis-juridique","og_site_name":"DIGITAL MARKETING FUERTEVENTURA","article_modified_time":"2023-06-22T12:14:35+00:00","twitter_card":"summary_large_image","twitter_misc":{"Dur\u00e9e de lecture estim\u00e9e":"6 minutes"},"schema":{"@context":"https:\/\/schema.org","@graph":[{"@type":"WebPage","@id":"https:\/\/digitalmarketingfuerteventura.com\/fr\/avis-juridique","url":"https:\/\/digitalmarketingfuerteventura.com\/fr\/avis-juridique","name":"avis juridique - DIGITAL MARKETING FUERTEVENTURA","isPartOf":{"@id":"https:\/\/digitalmarketingfuerteventura.com\/fr#website"},"datePublished":"2023-05-24T16:03:30+00:00","dateModified":"2023-06-22T12:14:35+00:00","inLanguage":"fr-FR","potentialAction":[{"@type":"ReadAction","target":["https:\/\/digitalmarketingfuerteventura.com\/fr\/avis-juridique"]}]},{"@type":"WebSite","@id":"https:\/\/digitalmarketingfuerteventura.com\/fr#website","url":"https:\/\/digitalmarketingfuerteventura.com\/fr","name":"DIGITAL MARKETING FUERTEVENTURA","description":"Agencia de marketing digital en Fuerteventura, Islas Canarias","potentialAction":[{"@type":"SearchAction","target":{"@type":"EntryPoint","urlTemplate":"https:\/\/digitalmarketingfuerteventura.com\/fr?s={search_term_string}"},"query-input":{"@type":"PropertyValueSpecification","valueRequired":true,"valueName":"search_term_string"}}],"inLanguage":"fr-FR"}]}},"_links":{"self":[{"href":"https:\/\/digitalmarketingfuerteventura.com\/fr\/wp-json\/wp\/v2\/pages\/4235","targetHints":{"allow":["GET"]}}],"collection":[{"href":"https:\/\/digitalmarketingfuerteventura.com\/fr\/wp-json\/wp\/v2\/pages"}],"about":[{"href":"https:\/\/digitalmarketingfuerteventura.com\/fr\/wp-json\/wp\/v2\/types\/page"}],"author":[{"embeddable":true,"href":"https:\/\/digitalmarketingfuerteventura.com\/fr\/wp-json\/wp\/v2\/users\/2"}],"replies":[{"embeddable":true,"href":"https:\/\/digitalmarketingfuerteventura.com\/fr\/wp-json\/wp\/v2\/comments?post=4235"}],"version-history":[{"count":5,"href":"https:\/\/digitalmarketingfuerteventura.com\/fr\/wp-json\/wp\/v2\/pages\/4235\/revisions"}],"predecessor-version":[{"id":4357,"href":"https:\/\/digitalmarketingfuerteventura.com\/fr\/wp-json\/wp\/v2\/pages\/4235\/revisions\/4357"}],"wp:attachment":[{"href":"https:\/\/digitalmarketingfuerteventura.com\/fr\/wp-json\/wp\/v2\/media?parent=4235"}],"curies":[{"name":"wp","href":"https:\/\/api.w.org\/{rel}","templated":true}]}}