{"id":4222,"date":"2023-05-24T16:04:56","date_gmt":"2023-05-24T16:04:56","guid":{"rendered":"https:\/\/digitalmarketingfuerteventura.com\/politique-de-confidentialite-et-utilisation-des-cookies"},"modified":"2023-06-22T12:12:41","modified_gmt":"2023-06-22T12:12:41","slug":"politique-de-confidentialite-et-utilisation-des-cookies","status":"publish","type":"page","link":"https:\/\/digitalmarketingfuerteventura.com\/fr\/politique-de-confidentialite-et-utilisation-des-cookies","title":{"rendered":"politique de confidentialit\u00e9 et utilisation des cookies"},"content":{"rendered":"<p>[et_pb_section fb_built=\u00a0\u00bb1&Prime; fullwidth=\u00a0\u00bbon\u00a0\u00bb _builder_version=\u00a0\u00bb4.21.0&Prime; _module_preset=\u00a0\u00bbdefault\u00a0\u00bb global_colors_info=\u00a0\u00bb{}\u00a0\u00bb theme_builder_area=\u00a0\u00bbpost_content\u00a0\u00bb][et_pb_fullwidth_image src=\u00a0\u00bbhttps:\/\/digitalmarketingfuerteventura.com\/wp-content\/uploads\/2023\/05\/bg2.jpg\u00a0\u00bb title_text=\u00a0\u00bbbg2&Prime; _builder_version=\u00a0\u00bb4.21.0&Prime; _module_preset=\u00a0\u00bbdefault\u00a0\u00bb global_colors_info=\u00a0\u00bb{}\u00a0\u00bb theme_builder_area=\u00a0\u00bbpost_content\u00a0\u00bb][\/et_pb_fullwidth_image][\/et_pb_section][et_pb_section fb_built=\u00a0\u00bb1&Prime; _builder_version=\u00a0\u00bb4.21.0&Prime; _module_preset=\u00a0\u00bbdefault\u00a0\u00bb background_image=\u00a0\u00bbhttps:\/\/digitalmarketingfuerteventura.com\/wp-content\/uploads\/2023\/05\/bg.jpg\u00a0\u00bb background_size=\u00a0\u00bbcontain\u00a0\u00bb background_position=\u00a0\u00bbtop_left\u00a0\u00bb custom_padding=\u00a0\u00bb0px||43px|||\u00a0\u00bb global_colors_info=\u00a0\u00bb{}\u00a0\u00bb theme_builder_area=\u00a0\u00bbpost_content\u00a0\u00bb][et_pb_row custom_padding_last_edited=\u00a0\u00bbon|phone\u00a0\u00bb _builder_version=\u00a0\u00bb4.21.0&Prime; _module_preset=\u00a0\u00bbdefault\u00a0\u00bb max_width=\u00a0\u00bb100%\u00a0\u00bb custom_padding=\u00a0\u00bb179px|||||\u00a0\u00bb custom_padding_tablet=\u00a0\u00bb100px||0px||false|false\u00a0\u00bb custom_padding_phone=\u00a0\u00bb50px||||false|false\u00a0\u00bb global_colors_info=\u00a0\u00bb{}\u00a0\u00bb theme_builder_area=\u00a0\u00bbpost_content\u00a0\u00bb][et_pb_column type=\u00a0\u00bb4_4&Prime; _builder_version=\u00a0\u00bb4.21.0&Prime; _module_preset=\u00a0\u00bbdefault\u00a0\u00bb global_colors_info=\u00a0\u00bb{}\u00a0\u00bb theme_builder_area=\u00a0\u00bbpost_content\u00a0\u00bb][et_pb_text _builder_version=\u00a0\u00bb4.21.0&Prime; _module_preset=\u00a0\u00bbdefault\u00a0\u00bb header_font=\u00a0\u00bb|300|||||||\u00a0\u00bb header_text_color=\u00a0\u00bb#389EAB\u00a0\u00bb header_font_size=\u00a0\u00bb50px\u00a0\u00bb hover_enabled=\u00a0\u00bb0&Prime; header_font_size_tablet=\u00a0\u00bb40px\u00a0\u00bb header_font_size_phone=\u00a0\u00bb30px\u00a0\u00bb header_font_size_last_edited=\u00a0\u00bbon|phone\u00a0\u00bb global_colors_info=\u00a0\u00bb{}\u00a0\u00bb theme_builder_area=\u00a0\u00bbpost_content\u00a0\u00bb sticky_enabled=\u00a0\u00bb0&Prime;]<\/p>\n<h1 class=\"vc_custom_heading\"><strong>POLITIQUE DE CONFIDENTIALIT\u00c9 ET UTILISATION DE COOKIES<\/strong><\/h1>\n<p>[\/et_pb_text][\/et_pb_column][\/et_pb_row][et_pb_row _builder_version=\u00a0\u00bb4.21.0&Prime; _module_preset=\u00a0\u00bbdefault\u00a0\u00bb max_width=\u00a0\u00bb100%\u00a0\u00bb global_colors_info=\u00a0\u00bb{}\u00a0\u00bb theme_builder_area=\u00a0\u00bbpost_content\u00a0\u00bb][et_pb_column type=\u00a0\u00bb4_4&Prime; _builder_version=\u00a0\u00bb4.21.0&Prime; _module_preset=\u00a0\u00bbdefault\u00a0\u00bb global_colors_info=\u00a0\u00bb{}\u00a0\u00bb theme_builder_area=\u00a0\u00bbpost_content\u00a0\u00bb][et_pb_text _builder_version=\u00a0\u00bb4.21.0&Prime; _module_preset=\u00a0\u00bbdefault\u00a0\u00bb text_font=\u00a0\u00bbgotham light|300|||||||\u00a0\u00bb text_font_size=\u00a0\u00bb18px\u00a0\u00bb link_font=\u00a0\u00bb||||||||\u00a0\u00bb link_text_color=\u00a0\u00bb#454445&Prime; hover_enabled=\u00a0\u00bb0&Prime; text_font_size_tablet=\u00a0\u00bb16px\u00a0\u00bb text_font_size_phone=\u00a0\u00bb14px\u00a0\u00bb text_font_size_last_edited=\u00a0\u00bbon|phone\u00a0\u00bb global_colors_info=\u00a0\u00bb{}\u00a0\u00bb theme_builder_area=\u00a0\u00bbpost_content\u00a0\u00bb sticky_enabled=\u00a0\u00bb0&Prime;]<\/p>\n<p><span>POLITIQUE DE CONFIDENTIALIT\u00c9<\/span><br \/><span>Digital Marketing Lanzarote, entreprise d\u00e9di\u00e9e au marketing strat\u00e9gique et num\u00e9rique, dont le propri\u00e9taire est Gladys Becerra Torlay, carte d&rsquo;identit\u00e9 espagnole 08170183P, responsable du traitement des donn\u00e9es fournies par les utilisateurs de son site Web.<\/span><br \/><span>Les donn\u00e9es personnelles fournies par le biais de ce site Internet seront trait\u00e9es par les employ\u00e9s de Digital Marketing Lanzarote (ci-apr\u00e8s d\u00e9nomm\u00e9e la SOCI\u00c9T\u00c9), dont les coordonn\u00e9es sont les suivantes :<\/span><br \/><span>&#8211; Si\u00e8ge social : Carretera T\u00edas a M\u00e1cher 124, 35571 M\u00e1cher &#8211; Lanzarote &#8211; Espagne.<\/span><br \/><span>&#8211; Adresse \u00e9lectronique : gb@digitalmarketinglanzarote.com.<\/span><br \/><span>Les utilisateurs de ce site web sont inform\u00e9s que les donn\u00e9es \u00e0 caract\u00e8re personnel qu&rsquo;ils fournissent par l&rsquo;interm\u00e9diaire de ce site web, que ce soit en remplissant un formulaire, par courrier \u00e9lectronique ou par tout autre moyen, seront trait\u00e9es conform\u00e9ment \u00e0 la pr\u00e9sente politique de protection de la vie priv\u00e9e.<\/span><br \/><span>Les donn\u00e9es fournies seront trait\u00e9es aux fins suivantes : r\u00e9pondre \u00e0 diverses demandes et envoyer des informations commerciales sur les activit\u00e9s et les services offerts par Digital Marketing Lanzarote.<\/span><br \/><span>&#8211; L&rsquo;envoi de communications commerciales par quelque moyen que ce soit. Par le biais de ces communications, les utilisateurs seront inform\u00e9s des diff\u00e9rents services offerts par LA COMPAGNIE, ainsi que des \u00e9v\u00e9nements organis\u00e9s par celle-ci.<\/span><br \/><span>&#8211; R\u00e9pondre aux demandes d&rsquo;information des utilisateurs.<\/span><br \/><span>&#8211; Traiter les inscriptions aux \u00e9v\u00e9nements et activit\u00e9s auxquels les utilisateurs souhaitent participer. Dans ce cas, les images ou vid\u00e9os prises des participants notamment lors du d\u00e9roulement de ceux-ci pourront \u00eatre publi\u00e9es sur le site web de l&rsquo;entit\u00e9, sur ses r\u00e9seaux sociaux, dans les magazines d&rsquo;entreprise, les panneaux d&rsquo;affichage et tout autre support similaire appartenant \u00e0 l&rsquo;entreprise, afin de promouvoir de telles activit\u00e9s ou \u00e9v\u00e9nements.<\/span><br \/><span>Les donn\u00e9es seront trait\u00e9es sur la base juridique du consentement de la personne qui les fournit. Ce consentement peut \u00eatre retir\u00e9 \u00e0 tout moment, mais cela n&rsquo;affecte pas la l\u00e9galit\u00e9 des traitements effectu\u00e9s pr\u00e9c\u00e9demment. La fourniture des donn\u00e9es est volontaire, mais si vous ne le faites pas, les donn\u00e9es ne seront pas trait\u00e9es aux fins indiqu\u00e9es.<\/span><br \/><span>Dans ce cas, les donn\u00e9es seront trait\u00e9es sur la base de la relation l\u00e9gale-contractuelle entre les parties. La fourniture des donn\u00e9es \u00e0 cette fin est obligatoire, faute de quoi les r\u00e9servations ne peuvent \u00eatre trait\u00e9es et les services correspondants ne peuvent \u00eatre fournis.<\/span><br \/><span>Les donn\u00e9es seront conserv\u00e9es pendant la dur\u00e9e n\u00e9cessaire pour r\u00e9pondre \u00e0 votre demande, requ\u00eate, enqu\u00eate ou plainte et pour la cl\u00f4turer d\u00e9finitivement, sauf si l&rsquo;int\u00e9ress\u00e9 s&rsquo;y oppose \u00e0 l&rsquo;adresse suivante<\/span><br \/><span>gb@digitalmarketinglanzarote.com. Par la suite, elles seront conserv\u00e9es en tant qu&rsquo;enregistrement des communications, \u00e0 moins que l&rsquo;utilisateur ne demande leur suppression, \u00e0 l&rsquo;adresse \u00e9lectronique indiqu\u00e9e ci-dessus. De m\u00eame, si l&rsquo;utilisateur s&rsquo;inscrit \u00e0 un \u00e9v\u00e9nement, les donn\u00e9es peuvent \u00eatre conserv\u00e9es pendant la dur\u00e9e de l&rsquo;\u00e9v\u00e9nement, de l&rsquo;activit\u00e9 ou de la prestation de services demand\u00e9e, et m\u00eame apr\u00e8s, afin de r\u00e9pondre \u00e0 d&rsquo;\u00e9ventuelles responsabilit\u00e9s juridiques d\u00e9coulant du service fourni ou de l&rsquo;\u00e9v\u00e9nement ou de l&rsquo;activit\u00e9 r\u00e9alis\u00e9. Si les donn\u00e9es sont trait\u00e9es pour l&rsquo;envoi de communications commerciales ou si l&rsquo;utilisation de l&rsquo;image a \u00e9t\u00e9 autoris\u00e9e conform\u00e9ment au point 3, ces donn\u00e9es peuvent \u00eatre conserv\u00e9es ind\u00e9finiment aux fins susmentionn\u00e9es, \u00e0 moins que l&rsquo;utilisateur n&rsquo;ait pas donn\u00e9 son consentement ou qu&rsquo;il s&rsquo;y soit oppos\u00e9 par la suite.<\/span><br \/><span>L&rsquo;utilisateur accepte le traitement et l&rsquo;inclusion des donn\u00e9es collect\u00e9es lors de la navigation sur le site web, ou fournies en remplissant un formulaire comme indiqu\u00e9 ci-dessus.<\/span><br \/><span>Si des donn\u00e9es de tiers sont fournies par le biais de ce site web, la personne qui le fait assume la responsabilit\u00e9 d&rsquo;avoir obtenu le consentement pr\u00e9alable, en les informant de toutes les dispositions de l&rsquo;article 14 du r\u00e8glement g\u00e9n\u00e9ral sur la protection des donn\u00e9es.<\/span><br \/><span>De m\u00eame, LA COMPAGNIE informe que par le biais de ses r\u00e9seaux sociaux, elle publiera des \u00e9v\u00e9nements, des promotions ou tout autre type d&rsquo;information publicitaire sur les services qu&rsquo;elle offre, l&rsquo;utilisateur acceptant d&rsquo;\u00eatre le destinataire de telles informations par le simple fait de devenir un \u00ab\u00a0ami\u00a0\u00bb ou un \u00ab\u00a0suiveur\u00a0\u00bb de LA COMPAGNIE dans les r\u00e9seaux sociaux. Si l&rsquo;Utilisateur ne souhaite pas recevoir ces informations sur ses profils de r\u00e9seaux sociaux, il doit cesser de suivre LA COMPAGNIE sur ces r\u00e9seaux sociaux.<\/span><br \/><span>L&rsquo;utilisateur peut exercer, \u00e0 l&rsquo;\u00e9gard des donn\u00e9es collect\u00e9es, les droits reconnus dans la r\u00e9glementation relative \u00e0 la protection des donn\u00e9es, et notamment les droits d&rsquo;acc\u00e8s, de rectification, d&rsquo;annulation, d&rsquo;opposition, de limitation et de portabilit\u00e9, \u00e0 condition qu&rsquo;ils soient l\u00e9galement pertinents. Ces droits peuvent \u00eatre exerc\u00e9s par chaque utilisateur en envoyant une demande \u00e9crite et sign\u00e9e, accompagn\u00e9e d&rsquo;une photocopie de la carte d&rsquo;identit\u00e9 de l&rsquo;utilisateur et de la demande pr\u00e9cisant la requ\u00eate, \u00e0 l&rsquo;adresse indiqu\u00e9e au d\u00e9but de la pr\u00e9sente politique de protection de la vie priv\u00e9e.<\/span><br \/><span>L&rsquo;ENTREPRISE s&rsquo;engage \u00e0 utiliser les donn\u00e9es personnelles fournies conform\u00e9ment aux objectifs indiqu\u00e9s dans la pr\u00e9sente politique de confidentialit\u00e9, en respectant leur confidentialit\u00e9 et en se conformant \u00e0 son obligation de les stocker et d&rsquo;adapter toutes les mesures pour emp\u00eacher l&rsquo;alt\u00e9ration, la perte, le traitement ou l&rsquo;acc\u00e8s non autoris\u00e9, conform\u00e9ment aux r\u00e9glementations en vigueur en mati\u00e8re de protection des donn\u00e9es.<\/span><br \/><span>LA COMPAGNIE garantit la confidentialit\u00e9 et la s\u00e9curit\u00e9 de vos donn\u00e9es personnelles, ayant mis en place les politiques et mesures techniques et organisationnelles n\u00e9cessaires pour le traitement des donn\u00e9es personnelles, tel qu&rsquo;\u00e9tabli dans l&rsquo;article 14 du R\u00e8glement g\u00e9n\u00e9ral sur la protection des donn\u00e9es (RGPD). Ces mesures et politiques emp\u00eachent l&rsquo;alt\u00e9ration, la perte, le traitement ou l&rsquo;utilisation non autoris\u00e9s de vos donn\u00e9es personnelles.<\/span><br \/><span>La responsabilit\u00e9 de la v\u00e9racit\u00e9 des donn\u00e9es introduites tant sur le site web que sur les r\u00e9seaux sociaux utilis\u00e9s par celui-ci, rel\u00e8ve de la seule responsabilit\u00e9 de l&rsquo;utilisateur, qui est tenu de fournir des donn\u00e9es vraies, exactes, compl\u00e8tes et mises \u00e0 jour, \u00e9tant par ailleurs responsable de la fourniture de donn\u00e9es inexactes.<\/span><br \/><span>Dans le cas o\u00f9 des donn\u00e9es de tiers ont \u00e9t\u00e9 fournies, il incombe \u00e0 la personne qui fournit les donn\u00e9es de les informer de toutes les dispositions de la pr\u00e9sente clause et, en particulier, des dispositions de l&rsquo;article 14 du r\u00e8glement g\u00e9n\u00e9ral sur la protection des donn\u00e9es et d&rsquo;avoir obtenu leur consentement pr\u00e9alable \u00e0 cet effet. Les droits d&rsquo;acc\u00e8s, de rectification, de suppression, de limitation, de portabilit\u00e9 et d&rsquo;opposition peuvent \u00eatre exerc\u00e9s par \u00e9crit, en joignant une copie de la carte d&rsquo;identit\u00e9, \u00e0 l&rsquo;adresse \u00e9lectronique indiqu\u00e9e ci-dessus. En cas de violation de vos droits, vous pouvez d\u00e9poser une plainte aupr\u00e8s de l&rsquo;Agence espagnole de protection des donn\u00e9es (Agencia Espa\u00f1ola de Protecci\u00f3n de Datos).<\/span><br \/><span>UTILISATION DE COOKIES<\/span><br \/><span>Qu&rsquo;est-ce qu&rsquo;un cookie ?<\/span><br \/><span>Un cookie est un fichier qui est t\u00e9l\u00e9charg\u00e9 sur votre ordinateur lorsque vous acc\u00e9dez \u00e0 certaines pages web. Les cookies permettent \u00e0 un site web, entre autres, de stocker et de r\u00e9cup\u00e9rer des informations sur les habitudes de navigation d&rsquo;un utilisateur ou sur son \u00e9quipement et, en fonction des informations qu&rsquo;ils contiennent et de la mani\u00e8re dont son \u00e9quipement est utilis\u00e9, ils peuvent \u00eatre utilis\u00e9s pour reconna\u00eetre l&rsquo;utilisateur.<\/span><br \/><span>Toutefois, ces moyens ne permettent d&rsquo;obtenir que des informations relatives au nombre de pages visit\u00e9es, \u00e0 la ville \u00e0 laquelle est attribu\u00e9e l&rsquo;adresse IP \u00e0 partir de laquelle l&rsquo;utilisateur acc\u00e8de au site, au nombre de nouveaux utilisateurs, \u00e0 la fr\u00e9quence et \u00e0 la r\u00e9currence des visites, \u00e0 l&rsquo;heure de la visite, au navigateur ou \u00e0 l&rsquo;op\u00e9rateur ou au type de terminal \u00e0 partir duquel la visite est effectu\u00e9e. En aucun cas, des donn\u00e9es sur le nom, le pr\u00e9nom, l&rsquo;adresse postale ou d&rsquo;autres donn\u00e9es similaires de l&rsquo;utilisateur connect\u00e9 ne seront obtenues.<\/span><br \/><span>Quels sont les types de cookies ?<\/span><br \/><span>Les cookies peuvent \u00eatre des cookies de premi\u00e8re ou de tierce partie. Les propres cookies sont ceux qui sont envoy\u00e9s \u00e0 l&rsquo;\u00e9quipement terminal de l&rsquo;utilisateur \u00e0 partir d&rsquo;un ordinateur ou d&rsquo;un domaine g\u00e9r\u00e9 par l&rsquo;\u00e9diteur web lui-m\u00eame, \u00e0 partir duquel le service demand\u00e9 par l&rsquo;utilisateur est fourni. Les cookies de tiers sont ceux qui sont envoy\u00e9s \u00e0 l&rsquo;\u00e9quipement terminal de l&rsquo;utilisateur \u00e0 partir d&rsquo;un ordinateur ou d&rsquo;un domaine qui n&rsquo;est pas g\u00e9r\u00e9 par l&rsquo;\u00e9diteur, mais par une autre entit\u00e9 qui traite les donn\u00e9es obtenues par le biais des cookies.<\/span><br \/><span>En outre, les cookies peuvent \u00eatre des cookies de session ou des cookies persistants. Les premiers sont un type de cookie con\u00e7u pour collecter et stocker des donn\u00e9es pendant que l&rsquo;utilisateur acc\u00e8de \u00e0 une page web. Les cookies persistants sont un type de cookie qui signifie que les donn\u00e9es restent stock\u00e9es dans le terminal et peuvent \u00eatre consult\u00e9es et trait\u00e9es pendant une p\u00e9riode d\u00e9finie par le responsable du cookie, qui peut aller de quelques minutes \u00e0 plusieurs ann\u00e9es.<\/span><br \/><span>Quels sont les cookies utilis\u00e9s par ce site web ?<\/span><br \/><span>Ce site web utilise ses propres cookies, dont le but est d&rsquo;identifier l&rsquo;utilisateur et de m\u00e9moriser ses pr\u00e9f\u00e9rences de navigation, telles que la langue dans laquelle le site web doit \u00eatre affich\u00e9.<\/span><br \/><span>Ce site Web utilise les cookies de tiers suivants :<\/span><br \/><span>&#8211; Cookies publicitaires : Ce sont ceux qui permettent de g\u00e9rer, de la mani\u00e8re la plus efficace possible, les espaces publicitaires que, le cas \u00e9ch\u00e9ant, l&rsquo;\u00e9diteur a inclus sur un site web, une application ou une plateforme \u00e0 partir de laquelle le service demand\u00e9 est fourni, sur la base de crit\u00e8res tels que le contenu \u00e9dit\u00e9 ou la fr\u00e9quence \u00e0 laquelle les publicit\u00e9s sont affich\u00e9es.<\/span><br \/><span>&#8211; Cookies d&rsquo;analyse : il s&rsquo;agit de cookies qui, trait\u00e9s par nous-m\u00eames ou par des tiers, nous permettent de quantifier le nombre d&rsquo;utilisateurs et d&rsquo;examiner leur navigation, ce qui nous permet de mesurer et d&rsquo;analyser statistiquement l&rsquo;utilisation faite par les utilisateurs. \u00c0 cette fin, votre navigation sur notre site web est analys\u00e9e afin d&rsquo;am\u00e9liorer le contenu du site et de fournir un meilleur service par son interm\u00e9diaire.<\/span><br \/><span>Les applications utilis\u00e9es par ces tiers sont les suivantes :<\/span><br \/><span>&#8211; Pour les cookies publicitaires, Double Click, Double Click Ad Exchange-Buyer et Google Dynamic Remarketing, appartenant \u00e0 Google (https:\/\/support.google.com\/adsense\/answer\/2839090?hl=es).<\/span><br \/><span>&#8211; Pour les cookies analytiques, Google Analytics, appartenant \u00e0 Google (https:\/\/developers.google.com\/analytics\/devguides\/collection\/analyticsjs\/cookie-usage).<\/span><br \/><span>En outre, ces entreprises peuvent utiliser les donn\u00e9es qu&rsquo;elles collectent pour am\u00e9liorer leurs propres services et offrir des services \u00e0 d&rsquo;autres entreprises. Vous pouvez cliquer sur le lien fourni dans chaque cas pour obtenir plus d&rsquo;informations sur ces applications.<\/span><br \/><span>Comment g\u00e9rer les cookies ?<\/span><br \/><span>Vous pouvez autoriser, bloquer ou supprimer les cookies install\u00e9s sur votre ordinateur en configurant les options de votre navigateur. Vous trouverez des informations sur la mani\u00e8re de proc\u00e9der, en relation avec les navigateurs les plus courants, dans les liens ci-dessous :<\/span><br \/><span>&#8211; Explorateur : http:\/\/windows.microsoft.com\/es-es\/windows7\/how-to-manage-cookies-in-internet-explorer-9<\/span><br \/><span>&#8211; Firefox : https:\/\/support.mozilla.org\/es\/kb\/habilitar-y-deshabilitar-cookies-que-los-sitios-we<\/span><br \/><span>&#8211; Chrome : http:\/\/support.google.com\/chrome\/bin\/answer.py?hl=es&amp;answer=95647<\/span><br \/><span>&#8211; Safari : http:\/\/support.apple.com\/kb\/ph5042<\/span><br \/><span>Nous vous informons toutefois de la possibilit\u00e9 que la d\u00e9sactivation d&rsquo;un cookie puisse emp\u00eacher ou g\u00eaner la navigation ou la fourniture des services offerts sur ce site.<\/span><\/p>\n<p>[\/et_pb_text][\/et_pb_column][\/et_pb_row][\/et_pb_section]<\/p>\n","protected":false},"excerpt":{"rendered":"<p>POLITIQUE DE CONFIDENTIALIT\u00c9 ET UTILISATION DE COOKIESPOLITIQUE DE CONFIDENTIALIT\u00c9Digital Marketing Lanzarote, entreprise d\u00e9di\u00e9e au marketing strat\u00e9gique et num\u00e9rique, dont le propri\u00e9taire est Gladys Becerra Torlay, carte d&rsquo;identit\u00e9 espagnole 08170183P, responsable du traitement des donn\u00e9es fournies par les utilisateurs de son site Web.Les donn\u00e9es personnelles fournies par le biais de ce site Internet seront trait\u00e9es par [&hellip;]<\/p>\n","protected":false},"author":2,"featured_media":0,"parent":0,"menu_order":0,"comment_status":"closed","ping_status":"closed","template":"","meta":{"_et_pb_use_builder":"on","_et_pb_old_content":"","_et_gb_content_width":"","footnotes":""},"class_list":["post-4222","page","type-page","status-publish","hentry"],"yoast_head":"<!-- This site is optimized with the Yoast SEO plugin v26.7 - https:\/\/yoast.com\/wordpress\/plugins\/seo\/ -->\n<title>politique de confidentialit\u00e9 et utilisation des cookies - DIGITAL MARKETING FUERTEVENTURA<\/title>\n<meta name=\"robots\" content=\"index, follow, max-snippet:-1, max-image-preview:large, max-video-preview:-1\" \/>\n<link rel=\"canonical\" href=\"https:\/\/digitalmarketingfuerteventura.com\/fr\/politique-de-confidentialite-et-utilisation-des-cookies\" \/>\n<meta property=\"og:locale\" content=\"fr_FR\" \/>\n<meta property=\"og:type\" content=\"article\" \/>\n<meta property=\"og:title\" content=\"politique de confidentialit\u00e9 et utilisation des cookies - DIGITAL MARKETING FUERTEVENTURA\" \/>\n<meta property=\"og:description\" content=\"POLITIQUE DE CONFIDENTIALIT\u00c9 ET UTILISATION DE COOKIESPOLITIQUE DE CONFIDENTIALIT\u00c9Digital Marketing Lanzarote, entreprise d\u00e9di\u00e9e au marketing strat\u00e9gique et num\u00e9rique, dont le propri\u00e9taire est Gladys Becerra Torlay, carte d&#039;identit\u00e9 espagnole 08170183P, responsable du traitement des donn\u00e9es fournies par les utilisateurs de son site Web.Les donn\u00e9es personnelles fournies par le biais de ce site Internet seront trait\u00e9es par [&hellip;]\" \/>\n<meta property=\"og:url\" content=\"https:\/\/digitalmarketingfuerteventura.com\/fr\/politique-de-confidentialite-et-utilisation-des-cookies\" \/>\n<meta property=\"og:site_name\" content=\"DIGITAL MARKETING FUERTEVENTURA\" \/>\n<meta property=\"article:modified_time\" content=\"2023-06-22T12:12:41+00:00\" \/>\n<meta name=\"twitter:card\" content=\"summary_large_image\" \/>\n<meta name=\"twitter:label1\" content=\"Dur\u00e9e de lecture estim\u00e9e\" \/>\n\t<meta name=\"twitter:data1\" content=\"11 minutes\" \/>\n<script type=\"application\/ld+json\" class=\"yoast-schema-graph\">{\"@context\":\"https:\/\/schema.org\",\"@graph\":[{\"@type\":\"WebPage\",\"@id\":\"https:\/\/digitalmarketingfuerteventura.com\/fr\/politique-de-confidentialite-et-utilisation-des-cookies\",\"url\":\"https:\/\/digitalmarketingfuerteventura.com\/fr\/politique-de-confidentialite-et-utilisation-des-cookies\",\"name\":\"politique de confidentialit\u00e9 et utilisation des cookies - DIGITAL MARKETING FUERTEVENTURA\",\"isPartOf\":{\"@id\":\"https:\/\/digitalmarketingfuerteventura.com\/fr#website\"},\"datePublished\":\"2023-05-24T16:04:56+00:00\",\"dateModified\":\"2023-06-22T12:12:41+00:00\",\"inLanguage\":\"fr-FR\",\"potentialAction\":[{\"@type\":\"ReadAction\",\"target\":[\"https:\/\/digitalmarketingfuerteventura.com\/fr\/politique-de-confidentialite-et-utilisation-des-cookies\"]}]},{\"@type\":\"WebSite\",\"@id\":\"https:\/\/digitalmarketingfuerteventura.com\/fr#website\",\"url\":\"https:\/\/digitalmarketingfuerteventura.com\/fr\",\"name\":\"DIGITAL MARKETING FUERTEVENTURA\",\"description\":\"Agencia de marketing digital en Fuerteventura, Islas Canarias\",\"potentialAction\":[{\"@type\":\"SearchAction\",\"target\":{\"@type\":\"EntryPoint\",\"urlTemplate\":\"https:\/\/digitalmarketingfuerteventura.com\/fr?s={search_term_string}\"},\"query-input\":{\"@type\":\"PropertyValueSpecification\",\"valueRequired\":true,\"valueName\":\"search_term_string\"}}],\"inLanguage\":\"fr-FR\"}]}<\/script>\n<!-- \/ Yoast SEO plugin. -->","yoast_head_json":{"title":"politique de confidentialit\u00e9 et utilisation des cookies - DIGITAL MARKETING FUERTEVENTURA","robots":{"index":"index","follow":"follow","max-snippet":"max-snippet:-1","max-image-preview":"max-image-preview:large","max-video-preview":"max-video-preview:-1"},"canonical":"https:\/\/digitalmarketingfuerteventura.com\/fr\/politique-de-confidentialite-et-utilisation-des-cookies","og_locale":"fr_FR","og_type":"article","og_title":"politique de confidentialit\u00e9 et utilisation des cookies - DIGITAL MARKETING FUERTEVENTURA","og_description":"POLITIQUE DE CONFIDENTIALIT\u00c9 ET UTILISATION DE COOKIESPOLITIQUE DE CONFIDENTIALIT\u00c9Digital Marketing Lanzarote, entreprise d\u00e9di\u00e9e au marketing strat\u00e9gique et num\u00e9rique, dont le propri\u00e9taire est Gladys Becerra Torlay, carte d'identit\u00e9 espagnole 08170183P, responsable du traitement des donn\u00e9es fournies par les utilisateurs de son site Web.Les donn\u00e9es personnelles fournies par le biais de ce site Internet seront trait\u00e9es par [&hellip;]","og_url":"https:\/\/digitalmarketingfuerteventura.com\/fr\/politique-de-confidentialite-et-utilisation-des-cookies","og_site_name":"DIGITAL MARKETING FUERTEVENTURA","article_modified_time":"2023-06-22T12:12:41+00:00","twitter_card":"summary_large_image","twitter_misc":{"Dur\u00e9e de lecture estim\u00e9e":"11 minutes"},"schema":{"@context":"https:\/\/schema.org","@graph":[{"@type":"WebPage","@id":"https:\/\/digitalmarketingfuerteventura.com\/fr\/politique-de-confidentialite-et-utilisation-des-cookies","url":"https:\/\/digitalmarketingfuerteventura.com\/fr\/politique-de-confidentialite-et-utilisation-des-cookies","name":"politique de confidentialit\u00e9 et utilisation des cookies - DIGITAL MARKETING FUERTEVENTURA","isPartOf":{"@id":"https:\/\/digitalmarketingfuerteventura.com\/fr#website"},"datePublished":"2023-05-24T16:04:56+00:00","dateModified":"2023-06-22T12:12:41+00:00","inLanguage":"fr-FR","potentialAction":[{"@type":"ReadAction","target":["https:\/\/digitalmarketingfuerteventura.com\/fr\/politique-de-confidentialite-et-utilisation-des-cookies"]}]},{"@type":"WebSite","@id":"https:\/\/digitalmarketingfuerteventura.com\/fr#website","url":"https:\/\/digitalmarketingfuerteventura.com\/fr","name":"DIGITAL MARKETING FUERTEVENTURA","description":"Agencia de marketing digital en Fuerteventura, Islas Canarias","potentialAction":[{"@type":"SearchAction","target":{"@type":"EntryPoint","urlTemplate":"https:\/\/digitalmarketingfuerteventura.com\/fr?s={search_term_string}"},"query-input":{"@type":"PropertyValueSpecification","valueRequired":true,"valueName":"search_term_string"}}],"inLanguage":"fr-FR"}]}},"_links":{"self":[{"href":"https:\/\/digitalmarketingfuerteventura.com\/fr\/wp-json\/wp\/v2\/pages\/4222","targetHints":{"allow":["GET"]}}],"collection":[{"href":"https:\/\/digitalmarketingfuerteventura.com\/fr\/wp-json\/wp\/v2\/pages"}],"about":[{"href":"https:\/\/digitalmarketingfuerteventura.com\/fr\/wp-json\/wp\/v2\/types\/page"}],"author":[{"embeddable":true,"href":"https:\/\/digitalmarketingfuerteventura.com\/fr\/wp-json\/wp\/v2\/users\/2"}],"replies":[{"embeddable":true,"href":"https:\/\/digitalmarketingfuerteventura.com\/fr\/wp-json\/wp\/v2\/comments?post=4222"}],"version-history":[{"count":14,"href":"https:\/\/digitalmarketingfuerteventura.com\/fr\/wp-json\/wp\/v2\/pages\/4222\/revisions"}],"predecessor-version":[{"id":4351,"href":"https:\/\/digitalmarketingfuerteventura.com\/fr\/wp-json\/wp\/v2\/pages\/4222\/revisions\/4351"}],"wp:attachment":[{"href":"https:\/\/digitalmarketingfuerteventura.com\/fr\/wp-json\/wp\/v2\/media?parent=4222"}],"curies":[{"name":"wp","href":"https:\/\/api.w.org\/{rel}","templated":true}]}}